{"id":605,"date":"2018-09-19T13:56:11","date_gmt":"2018-09-19T11:56:11","guid":{"rendered":"https:\/\/www.demefco.be\/cookie-policy\/"},"modified":"2023-11-21T13:06:08","modified_gmt":"2023-11-21T11:06:08","slug":"politique-relative-aux-cookies","status":"publish","type":"page","link":"https:\/\/www.demefco.be\/fr\/politique-relative-aux-cookies\/","title":{"rendered":"Politique relative aux cookies"},"content":{"rendered":"<p>Derni\u00e8re modification le 01\/07\/2021.<\/p>\n<h2>1.\u00a0\u00a0\u00a0\u00a0 Bienvenue<\/h2>\n<p>Nous sommes Demefco, une soci\u00e9t\u00e9 priv\u00e9e, \u00e9tablie \u00e0 Lennikseweg 101, 1602 Vlezenbeek, avec le num\u00e9ro d&rsquo;entreprise BE0818.464.026.<\/p>\n<p>Dans cette politique en mati\u00e8re de cookies, nous expliquons quelles informations nous pouvons collecter via notre site Web sur la base de cookies et comment nous les utilisons pour am\u00e9liorer nos services.<\/p>\n<p>En utilisant notre site Web, vous acceptez notre utilisation des cookies.<\/p>\n<h2>2.\u00a0\u00a0\u00a0\u00a0 Cookies<\/h2>\n<p>Un \u00ab\u00a0cookie\u00a0\u00bb est un petit fichier de donn\u00e9es qui est temporairement plac\u00e9 sur votre ordinateur ou votre appareil mobile par une page Internet lorsque vous visitez un site Web. Un cookie nous permet d&rsquo;identifier l&rsquo;appareil avec lequel vous visitez notre site Web, sans nous donner acc\u00e8s \u00e0 vos propres donn\u00e9es personnelles.<\/p>\n<p>Les cookies peuvent \u00eatre facilement supprim\u00e9s via les param\u00e8tres de votre navigateur. Vous pouvez \u00e9galement configurer votre navigateur de mani\u00e8re \u00e0 ce que les cookies soient toujours refus\u00e9s. Cependant, cela peut entraver l&rsquo;utilisation de notre site Web ou rendre impossible l&rsquo;acc\u00e8s \u00e0 certaines fonctionnalit\u00e9s.<\/p>\n<h3>2.1. Fonctionnel<\/h3>\n<p>Ces cookies techniques peuvent servir au bon fonctionnement de notre site Web. Ils pr\u00e9sentent l&rsquo;avantage que vous n&rsquo;avez pas \u00e0 saisir ou \u00e0 charger les m\u00eames informations ou param\u00e8tres \u00e0 chaque fois que vous visitez notre site Web\u00a0:<\/p>\n<ul>\n<li><strong>Google reCAPTCHA<\/strong>. Ce cookie expire apr\u00e8s la session. (<a href=\"https:\/\/policies.google.com\/privacy\" target=\"_blank\" rel=\"noopener\">https:\/\/policies.google.com\/privacy<\/a>)<\/li>\n<\/ul>\n<h3>2.2. Analytique<\/h3>\n<p>Sur la base de ces cookies, nous pouvons effectuer une analyse g\u00e9n\u00e9rale de l&rsquo;utilisation de notre site Web. De cette mani\u00e8re, nous obtenons un aper\u00e7u de la mani\u00e8re dont nos pages Internet sont visit\u00e9es, \u00e0 quelle fr\u00e9quence et pendant combien de temps, via des statistiques anonymes. Cela nous permet d&rsquo;am\u00e9liorer et d&rsquo;optimiser notre site Web sur la base de ces informations :<\/p>\n<ul>\n<li><strong>Google<\/strong>\u00a0<strong>analytics<\/strong>. Deze cookie vervalt na de sessie. (<a href=\"https:\/\/policies.google.com\/privacy\" target=\"_blank\" rel=\"noopener\">https:\/\/policies.google.com\/privacy<\/a>)<\/li>\n<\/ul>\n<h3>2.3. Commercialisation<\/h3>\n<p>Avec ces cookies, nous pouvons montrer des publicit\u00e9s cibl\u00e9es aux parties int\u00e9ress\u00e9es \u00e0 des fins de marketing :<\/p>\n<ul>\n<li><strong>Google<\/strong>\u00a0<strong>analytics<\/strong>. Deze cookie vervalt na de sessie. (<a href=\"https:\/\/policies.google.com\/privacy\" target=\"_blank\" rel=\"noopener\">https:\/\/policies.google.com\/privacy<\/a>)<\/li>\n<\/ul>\n<h3>2.4. Des m\u00e9dias sociaux<\/h3>\n<p>Ces cookies garantissent que nous pouvons int\u00e9grer des applications de sites Web de m\u00e9dias sociaux dans notre site Web. Les sites Web de m\u00e9dias sociaux peuvent collecter des donn\u00e9es de cette mani\u00e8re :<\/p>\n<ul>\n<li><strong>Facebook<\/strong>. Ce cookie expire apr\u00e8s une p\u00e9riode de 3 mois. (<a href=\"https:\/\/www.facebook.com\/policy.php\" target=\"_blank\" rel=\"noopener\">https:\/\/www.facebook.com\/policy.php<\/a>)<\/li>\n<li><strong>Twitter<\/strong>. Ce cookie expire apr\u00e8s la session. (<a href=\"https:\/\/twitter.com\/en\/privacy\" target=\"_blank\" rel=\"noopener\">https:\/\/twitter.com\/en\/privacy<\/a>)<\/li>\n<li><strong>LinkedIn<\/strong>. (<a href=\"https:\/\/www.linkedin.com\/legal\/privacy-policy\" target=\"_blank\" rel=\"noopener\">https:\/\/www.linkedin.com\/legal\/privacy-policy<\/a>)<\/li>\n<\/ul>\n","protected":false},"excerpt":{"rendered":"<p>Derni\u00e8re modification le 01\/07\/2021. 1.\u00a0\u00a0\u00a0\u00a0 Bienvenue Nous sommes Demefco, une soci\u00e9t\u00e9 priv\u00e9e, \u00e9tablie \u00e0 Lennikseweg 101, 1602 Vlezenbeek, avec le num\u00e9ro d&rsquo;entreprise BE0818.464.026&#8230;.<\/p>\n","protected":false},"author":1,"featured_media":0,"parent":0,"menu_order":0,"comment_status":"closed","ping_status":"closed","template":"","meta":{"_acf_changed":false,"inline_featured_image":false,"footnotes":""},"class_list":["post-605","page","type-page","status-publish","hentry"],"acf":[],"yoast_head":"<!-- This site is optimized with the Yoast SEO plugin v27.0 - https:\/\/yoast.com\/product\/yoast-seo-wordpress\/ -->\n<title>Politique relative aux cookies - Demefco Projectontwikkeling<\/title>\n<meta name=\"description\" content=\"Consultez la politique relative aux cookies de Demefco pour comprendre comment nous utilisons les cookies pour am\u00e9liorer votre exp\u00e9rience.\" \/>\n<meta name=\"robots\" content=\"index, follow, max-snippet:-1, max-image-preview:large, max-video-preview:-1\" \/>\n<link rel=\"canonical\" href=\"https:\/\/www.demefco.be\/fr\/politique-relative-aux-cookies\/\" \/>\n<meta property=\"og:locale\" content=\"fr_FR\" \/>\n<meta property=\"og:type\" content=\"article\" \/>\n<meta property=\"og:title\" content=\"Politique relative aux cookies - Demefco Projectontwikkeling\" \/>\n<meta property=\"og:description\" content=\"Consultez la politique relative aux cookies de Demefco pour comprendre comment nous utilisons les cookies pour am\u00e9liorer votre exp\u00e9rience.\" \/>\n<meta property=\"og:url\" content=\"https:\/\/www.demefco.be\/fr\/politique-relative-aux-cookies\/\" \/>\n<meta property=\"og:site_name\" content=\"Demefco Projectontwikkeling\" \/>\n<meta property=\"article:publisher\" content=\"https:\/\/www.facebook.com\/demefco\/\" \/>\n<meta property=\"article:modified_time\" content=\"2023-11-21T11:06:08+00:00\" \/>\n<meta property=\"og:image\" content=\"https:\/\/www.demefco.be\/wp-content\/uploads\/2021\/06\/1.jpg\" \/>\n\t<meta property=\"og:image:width\" content=\"1920\" \/>\n\t<meta property=\"og:image:height\" content=\"870\" \/>\n\t<meta property=\"og:image:type\" content=\"image\/jpeg\" \/>\n<meta name=\"twitter:card\" content=\"summary_large_image\" \/>\n<meta name=\"twitter:site\" content=\"@demefco\" \/>\n<meta name=\"twitter:label1\" content=\"Dur\u00e9e de lecture est.\" \/>\n\t<meta name=\"twitter:data1\" content=\"2 minutes\" \/>\n<script type=\"application\/ld+json\" class=\"yoast-schema-graph\">{\"@context\":\"https:\/\/schema.org\",\"@graph\":[{\"@type\":\"WebPage\",\"@id\":\"https:\/\/www.demefco.be\/fr\/politique-relative-aux-cookies\/\",\"url\":\"https:\/\/www.demefco.be\/fr\/politique-relative-aux-cookies\/\",\"name\":\"Politique relative aux cookies - Demefco Projectontwikkeling\",\"isPartOf\":{\"@id\":\"https:\/\/www.demefco.be\/fr\/#website\"},\"datePublished\":\"2018-09-19T11:56:11+00:00\",\"dateModified\":\"2023-11-21T11:06:08+00:00\",\"description\":\"Consultez la politique relative aux cookies de Demefco pour comprendre comment nous utilisons les cookies pour am\u00e9liorer votre exp\u00e9rience.\",\"breadcrumb\":{\"@id\":\"https:\/\/www.demefco.be\/fr\/politique-relative-aux-cookies\/#breadcrumb\"},\"inLanguage\":\"fr-BE\",\"potentialAction\":[{\"@type\":\"ReadAction\",\"target\":[\"https:\/\/www.demefco.be\/fr\/politique-relative-aux-cookies\/\"]}]},{\"@type\":\"BreadcrumbList\",\"@id\":\"https:\/\/www.demefco.be\/fr\/politique-relative-aux-cookies\/#breadcrumb\",\"itemListElement\":[{\"@type\":\"ListItem\",\"position\":1,\"name\":\"Start\",\"item\":\"https:\/\/www.demefco.be\/fr\/\"},{\"@type\":\"ListItem\",\"position\":2,\"name\":\"Politique relative aux cookies\"}]},{\"@type\":\"WebSite\",\"@id\":\"https:\/\/www.demefco.be\/fr\/#website\",\"url\":\"https:\/\/www.demefco.be\/fr\/\",\"name\":\"Demefco Projectontwikkeling\",\"description\":\"Demefco Projectontwikkeling\",\"publisher\":{\"@id\":\"https:\/\/www.demefco.be\/fr\/#organization\"},\"potentialAction\":[{\"@type\":\"SearchAction\",\"target\":{\"@type\":\"EntryPoint\",\"urlTemplate\":\"https:\/\/www.demefco.be\/fr\/?s={search_term_string}\"},\"query-input\":{\"@type\":\"PropertyValueSpecification\",\"valueRequired\":true,\"valueName\":\"search_term_string\"}}],\"inLanguage\":\"fr-BE\"},{\"@type\":\"Organization\",\"@id\":\"https:\/\/www.demefco.be\/fr\/#organization\",\"name\":\"Demefco\",\"url\":\"https:\/\/www.demefco.be\/fr\/\",\"logo\":{\"@type\":\"ImageObject\",\"inLanguage\":\"fr-BE\",\"@id\":\"https:\/\/www.demefco.be\/fr\/#\/schema\/logo\/image\/\",\"url\":\"https:\/\/www.demefco.be\/wp-content\/uploads\/2021\/06\/logo.png\",\"contentUrl\":\"https:\/\/www.demefco.be\/wp-content\/uploads\/2021\/06\/logo.png\",\"width\":170,\"height\":170,\"caption\":\"Demefco\"},\"image\":{\"@id\":\"https:\/\/www.demefco.be\/fr\/#\/schema\/logo\/image\/\"},\"sameAs\":[\"https:\/\/www.facebook.com\/demefco\/\",\"https:\/\/x.com\/demefco\",\"https:\/\/www.linkedin.com\/company\/demefco\"]}]}<\/script>\n<!-- \/ Yoast SEO plugin. -->","yoast_head_json":{"title":"Politique relative aux cookies - Demefco Projectontwikkeling","description":"Consultez la politique relative aux cookies de Demefco pour comprendre comment nous utilisons les cookies pour am\u00e9liorer votre exp\u00e9rience.","robots":{"index":"index","follow":"follow","max-snippet":"max-snippet:-1","max-image-preview":"max-image-preview:large","max-video-preview":"max-video-preview:-1"},"canonical":"https:\/\/www.demefco.be\/fr\/politique-relative-aux-cookies\/","og_locale":"fr_FR","og_type":"article","og_title":"Politique relative aux cookies - Demefco Projectontwikkeling","og_description":"Consultez la politique relative aux cookies de Demefco pour comprendre comment nous utilisons les cookies pour am\u00e9liorer votre exp\u00e9rience.","og_url":"https:\/\/www.demefco.be\/fr\/politique-relative-aux-cookies\/","og_site_name":"Demefco Projectontwikkeling","article_publisher":"https:\/\/www.facebook.com\/demefco\/","article_modified_time":"2023-11-21T11:06:08+00:00","og_image":[{"width":1920,"height":870,"url":"https:\/\/www.demefco.be\/wp-content\/uploads\/2021\/06\/1.jpg","type":"image\/jpeg"}],"twitter_card":"summary_large_image","twitter_site":"@demefco","twitter_misc":{"Dur\u00e9e de lecture est.":"2 minutes"},"schema":{"@context":"https:\/\/schema.org","@graph":[{"@type":"WebPage","@id":"https:\/\/www.demefco.be\/fr\/politique-relative-aux-cookies\/","url":"https:\/\/www.demefco.be\/fr\/politique-relative-aux-cookies\/","name":"Politique relative aux cookies - Demefco Projectontwikkeling","isPartOf":{"@id":"https:\/\/www.demefco.be\/fr\/#website"},"datePublished":"2018-09-19T11:56:11+00:00","dateModified":"2023-11-21T11:06:08+00:00","description":"Consultez la politique relative aux cookies de Demefco pour comprendre comment nous utilisons les cookies pour am\u00e9liorer votre exp\u00e9rience.","breadcrumb":{"@id":"https:\/\/www.demefco.be\/fr\/politique-relative-aux-cookies\/#breadcrumb"},"inLanguage":"fr-BE","potentialAction":[{"@type":"ReadAction","target":["https:\/\/www.demefco.be\/fr\/politique-relative-aux-cookies\/"]}]},{"@type":"BreadcrumbList","@id":"https:\/\/www.demefco.be\/fr\/politique-relative-aux-cookies\/#breadcrumb","itemListElement":[{"@type":"ListItem","position":1,"name":"Start","item":"https:\/\/www.demefco.be\/fr\/"},{"@type":"ListItem","position":2,"name":"Politique relative aux cookies"}]},{"@type":"WebSite","@id":"https:\/\/www.demefco.be\/fr\/#website","url":"https:\/\/www.demefco.be\/fr\/","name":"Demefco Projectontwikkeling","description":"Demefco Projectontwikkeling","publisher":{"@id":"https:\/\/www.demefco.be\/fr\/#organization"},"potentialAction":[{"@type":"SearchAction","target":{"@type":"EntryPoint","urlTemplate":"https:\/\/www.demefco.be\/fr\/?s={search_term_string}"},"query-input":{"@type":"PropertyValueSpecification","valueRequired":true,"valueName":"search_term_string"}}],"inLanguage":"fr-BE"},{"@type":"Organization","@id":"https:\/\/www.demefco.be\/fr\/#organization","name":"Demefco","url":"https:\/\/www.demefco.be\/fr\/","logo":{"@type":"ImageObject","inLanguage":"fr-BE","@id":"https:\/\/www.demefco.be\/fr\/#\/schema\/logo\/image\/","url":"https:\/\/www.demefco.be\/wp-content\/uploads\/2021\/06\/logo.png","contentUrl":"https:\/\/www.demefco.be\/wp-content\/uploads\/2021\/06\/logo.png","width":170,"height":170,"caption":"Demefco"},"image":{"@id":"https:\/\/www.demefco.be\/fr\/#\/schema\/logo\/image\/"},"sameAs":["https:\/\/www.facebook.com\/demefco\/","https:\/\/x.com\/demefco","https:\/\/www.linkedin.com\/company\/demefco"]}]}},"_links":{"self":[{"href":"https:\/\/www.demefco.be\/fr\/wp-json\/wp\/v2\/pages\/605","targetHints":{"allow":["GET"]}}],"collection":[{"href":"https:\/\/www.demefco.be\/fr\/wp-json\/wp\/v2\/pages"}],"about":[{"href":"https:\/\/www.demefco.be\/fr\/wp-json\/wp\/v2\/types\/page"}],"author":[{"embeddable":true,"href":"https:\/\/www.demefco.be\/fr\/wp-json\/wp\/v2\/users\/1"}],"replies":[{"embeddable":true,"href":"https:\/\/www.demefco.be\/fr\/wp-json\/wp\/v2\/comments?post=605"}],"version-history":[{"count":1,"href":"https:\/\/www.demefco.be\/fr\/wp-json\/wp\/v2\/pages\/605\/revisions"}],"predecessor-version":[{"id":1347,"href":"https:\/\/www.demefco.be\/fr\/wp-json\/wp\/v2\/pages\/605\/revisions\/1347"}],"wp:attachment":[{"href":"https:\/\/www.demefco.be\/fr\/wp-json\/wp\/v2\/media?parent=605"}],"curies":[{"name":"wp","href":"https:\/\/api.w.org\/{rel}","templated":true}]}}