{"id":606,"date":"2021-06-22T12:16:55","date_gmt":"2021-06-22T10:16:55","guid":{"rendered":"https:\/\/www.demefco.be\/diensten\/"},"modified":"2023-11-20T18:02:20","modified_gmt":"2023-11-20T16:02:20","slug":"services","status":"publish","type":"page","link":"https:\/\/www.demefco.be\/fr\/services\/","title":{"rendered":"Services"},"content":{"rendered":"<p>Vous \u00eates \u00e0 la recherche d&rsquo;<strong>un moyen int\u00e9ressant d&rsquo;investir<\/strong> ou d&rsquo;<strong>investisseurs pour votre projet<\/strong>? Demefco est le partenaire qui peut vous aider. D\u00e9couvrez tous nos services.<\/p>\n<p>Que vous soyez vous-m\u00eame investisseur ou que vous cherchiez un investisseur pour votre projet, vous pouvez vous adresser \u00e0 Demefco.<\/p>\n<h2>D\u00c9VELOPPEMENT DE PROJET<\/h2>\n<ul>\n<li><a href=\"\/fr\/services\/promoteur-immobilier\">Promoteur immobilier<\/a><\/li>\n<li><a href=\"\/fr\/services\/promotion-immobiliere\">Promotion immobili\u00e8re<\/a><\/li>\n<li class=\"item-338\"><a href=\"\/fr\/services\/projet-immobilier-a-vendre\">Projet immobilier \u00e0 vendre<\/a><\/li>\n<li class=\"item-339\"><a href=\"\/fr\/services\/vendre-projet-immobilier\">Vendre un projet immobilier<\/a><\/li>\n<\/ul>\n<h2>IMMOBILIER<\/h2>\n<ul>\n<li><a href=\"https:\/\/www.demefco.be\/fr\/services\/investisseur-immobilier\/\">Investisseur immobilier<\/a><\/li>\n<li><a href=\"https:\/\/www.demefco.be\/fr\/services\/investisseur-immobilier\/vendre-des-biens-immobiliers\/\">Vendre des biens immobiliers<\/a><\/li>\n<li><a href=\"\/fr\/services\/immobilier-commercial\">Immobilier commercial<\/a><\/li>\n<\/ul>\n<h2>INVESTISSEMENT<\/h2>\n<ul>\n<li><a href=\"\/fr\/services\/investir-dans-immobilier\">Investir dans l&rsquo;immobilier<\/a><\/li>\n<li><a href=\"\/fr\/services\/placer-argent-dans-immobilier\">Placer votre argent dans l&rsquo;immobilier<\/a><\/li>\n<li><a href=\"\/fr\/services\/acquisition-societe-patrimoniale\">Acquisition d&rsquo;une soci\u00e9t\u00e9 patrimoniale<\/a><\/li>\n<\/ul>\n","protected":false},"excerpt":{"rendered":"<p>Vous \u00eates \u00e0 la recherche d&rsquo;un moyen int\u00e9ressant d&rsquo;investir ou d&rsquo;investisseurs pour votre projet? Demefco est le partenaire qui peut vous aider. D\u00e9couvrez&#8230;<\/p>\n","protected":false},"author":1,"featured_media":0,"parent":0,"menu_order":0,"comment_status":"closed","ping_status":"closed","template":"","meta":{"_acf_changed":false,"inline_featured_image":false,"footnotes":""},"class_list":["post-606","page","type-page","status-publish","hentry"],"acf":[],"yoast_head":"<!-- This site is optimized with the Yoast SEO plugin v27.0 - https:\/\/yoast.com\/product\/yoast-seo-wordpress\/ -->\n<title>Services - Demefco Projectontwikkeling<\/title>\n<meta name=\"description\" content=\"D\u00e9couvrez nos services | Demefco | Nos atouts: \u2713Entreprise familiale \u2713Op\u00e9rateur immobilier \u2713Promoteur immobilier\" \/>\n<meta name=\"robots\" content=\"index, follow, max-snippet:-1, max-image-preview:large, max-video-preview:-1\" \/>\n<link rel=\"canonical\" href=\"https:\/\/www.demefco.be\/fr\/services\/\" \/>\n<meta property=\"og:locale\" content=\"fr_FR\" \/>\n<meta property=\"og:type\" content=\"article\" \/>\n<meta property=\"og:title\" content=\"Services - Demefco Projectontwikkeling\" \/>\n<meta property=\"og:description\" content=\"D\u00e9couvrez nos services | Demefco | Nos atouts: \u2713Entreprise familiale \u2713Op\u00e9rateur immobilier \u2713Promoteur immobilier\" \/>\n<meta property=\"og:url\" content=\"https:\/\/www.demefco.be\/fr\/services\/\" \/>\n<meta property=\"og:site_name\" content=\"Demefco Projectontwikkeling\" \/>\n<meta property=\"article:publisher\" content=\"https:\/\/www.facebook.com\/demefco\/\" \/>\n<meta property=\"article:modified_time\" content=\"2023-11-20T16:02:20+00:00\" \/>\n<meta property=\"og:image\" content=\"https:\/\/www.demefco.be\/wp-content\/uploads\/2021\/06\/1.jpg\" \/>\n\t<meta property=\"og:image:width\" content=\"1920\" \/>\n\t<meta property=\"og:image:height\" content=\"870\" \/>\n\t<meta property=\"og:image:type\" content=\"image\/jpeg\" \/>\n<meta name=\"twitter:card\" content=\"summary_large_image\" \/>\n<meta name=\"twitter:site\" content=\"@demefco\" \/>\n<meta name=\"twitter:label1\" content=\"Dur\u00e9e de lecture est.\" \/>\n\t<meta name=\"twitter:data1\" content=\"1 minute\" \/>\n<script type=\"application\/ld+json\" class=\"yoast-schema-graph\">{\"@context\":\"https:\/\/schema.org\",\"@graph\":[{\"@type\":\"WebPage\",\"@id\":\"https:\/\/www.demefco.be\/fr\/services\/\",\"url\":\"https:\/\/www.demefco.be\/fr\/services\/\",\"name\":\"Services - Demefco Projectontwikkeling\",\"isPartOf\":{\"@id\":\"https:\/\/www.demefco.be\/fr\/#website\"},\"datePublished\":\"2021-06-22T10:16:55+00:00\",\"dateModified\":\"2023-11-20T16:02:20+00:00\",\"description\":\"D\u00e9couvrez nos services | Demefco | Nos atouts: \u2713Entreprise familiale \u2713Op\u00e9rateur immobilier \u2713Promoteur immobilier\",\"breadcrumb\":{\"@id\":\"https:\/\/www.demefco.be\/fr\/services\/#breadcrumb\"},\"inLanguage\":\"fr-BE\",\"potentialAction\":[{\"@type\":\"ReadAction\",\"target\":[\"https:\/\/www.demefco.be\/fr\/services\/\"]}]},{\"@type\":\"BreadcrumbList\",\"@id\":\"https:\/\/www.demefco.be\/fr\/services\/#breadcrumb\",\"itemListElement\":[{\"@type\":\"ListItem\",\"position\":1,\"name\":\"Start\",\"item\":\"https:\/\/www.demefco.be\/fr\/\"},{\"@type\":\"ListItem\",\"position\":2,\"name\":\"Services\"}]},{\"@type\":\"WebSite\",\"@id\":\"https:\/\/www.demefco.be\/fr\/#website\",\"url\":\"https:\/\/www.demefco.be\/fr\/\",\"name\":\"Demefco Projectontwikkeling\",\"description\":\"Demefco Projectontwikkeling\",\"publisher\":{\"@id\":\"https:\/\/www.demefco.be\/fr\/#organization\"},\"potentialAction\":[{\"@type\":\"SearchAction\",\"target\":{\"@type\":\"EntryPoint\",\"urlTemplate\":\"https:\/\/www.demefco.be\/fr\/?s={search_term_string}\"},\"query-input\":{\"@type\":\"PropertyValueSpecification\",\"valueRequired\":true,\"valueName\":\"search_term_string\"}}],\"inLanguage\":\"fr-BE\"},{\"@type\":\"Organization\",\"@id\":\"https:\/\/www.demefco.be\/fr\/#organization\",\"name\":\"Demefco\",\"url\":\"https:\/\/www.demefco.be\/fr\/\",\"logo\":{\"@type\":\"ImageObject\",\"inLanguage\":\"fr-BE\",\"@id\":\"https:\/\/www.demefco.be\/fr\/#\/schema\/logo\/image\/\",\"url\":\"https:\/\/www.demefco.be\/wp-content\/uploads\/2021\/06\/logo.png\",\"contentUrl\":\"https:\/\/www.demefco.be\/wp-content\/uploads\/2021\/06\/logo.png\",\"width\":170,\"height\":170,\"caption\":\"Demefco\"},\"image\":{\"@id\":\"https:\/\/www.demefco.be\/fr\/#\/schema\/logo\/image\/\"},\"sameAs\":[\"https:\/\/www.facebook.com\/demefco\/\",\"https:\/\/x.com\/demefco\",\"https:\/\/www.linkedin.com\/company\/demefco\"]}]}<\/script>\n<!-- \/ Yoast SEO plugin. -->","yoast_head_json":{"title":"Services - Demefco Projectontwikkeling","description":"D\u00e9couvrez nos services | Demefco | Nos atouts: \u2713Entreprise familiale \u2713Op\u00e9rateur immobilier \u2713Promoteur immobilier","robots":{"index":"index","follow":"follow","max-snippet":"max-snippet:-1","max-image-preview":"max-image-preview:large","max-video-preview":"max-video-preview:-1"},"canonical":"https:\/\/www.demefco.be\/fr\/services\/","og_locale":"fr_FR","og_type":"article","og_title":"Services - Demefco Projectontwikkeling","og_description":"D\u00e9couvrez nos services | Demefco | Nos atouts: \u2713Entreprise familiale \u2713Op\u00e9rateur immobilier \u2713Promoteur immobilier","og_url":"https:\/\/www.demefco.be\/fr\/services\/","og_site_name":"Demefco Projectontwikkeling","article_publisher":"https:\/\/www.facebook.com\/demefco\/","article_modified_time":"2023-11-20T16:02:20+00:00","og_image":[{"width":1920,"height":870,"url":"https:\/\/www.demefco.be\/wp-content\/uploads\/2021\/06\/1.jpg","type":"image\/jpeg"}],"twitter_card":"summary_large_image","twitter_site":"@demefco","twitter_misc":{"Dur\u00e9e de lecture est.":"1 minute"},"schema":{"@context":"https:\/\/schema.org","@graph":[{"@type":"WebPage","@id":"https:\/\/www.demefco.be\/fr\/services\/","url":"https:\/\/www.demefco.be\/fr\/services\/","name":"Services - Demefco Projectontwikkeling","isPartOf":{"@id":"https:\/\/www.demefco.be\/fr\/#website"},"datePublished":"2021-06-22T10:16:55+00:00","dateModified":"2023-11-20T16:02:20+00:00","description":"D\u00e9couvrez nos services | Demefco | Nos atouts: \u2713Entreprise familiale \u2713Op\u00e9rateur immobilier \u2713Promoteur immobilier","breadcrumb":{"@id":"https:\/\/www.demefco.be\/fr\/services\/#breadcrumb"},"inLanguage":"fr-BE","potentialAction":[{"@type":"ReadAction","target":["https:\/\/www.demefco.be\/fr\/services\/"]}]},{"@type":"BreadcrumbList","@id":"https:\/\/www.demefco.be\/fr\/services\/#breadcrumb","itemListElement":[{"@type":"ListItem","position":1,"name":"Start","item":"https:\/\/www.demefco.be\/fr\/"},{"@type":"ListItem","position":2,"name":"Services"}]},{"@type":"WebSite","@id":"https:\/\/www.demefco.be\/fr\/#website","url":"https:\/\/www.demefco.be\/fr\/","name":"Demefco Projectontwikkeling","description":"Demefco Projectontwikkeling","publisher":{"@id":"https:\/\/www.demefco.be\/fr\/#organization"},"potentialAction":[{"@type":"SearchAction","target":{"@type":"EntryPoint","urlTemplate":"https:\/\/www.demefco.be\/fr\/?s={search_term_string}"},"query-input":{"@type":"PropertyValueSpecification","valueRequired":true,"valueName":"search_term_string"}}],"inLanguage":"fr-BE"},{"@type":"Organization","@id":"https:\/\/www.demefco.be\/fr\/#organization","name":"Demefco","url":"https:\/\/www.demefco.be\/fr\/","logo":{"@type":"ImageObject","inLanguage":"fr-BE","@id":"https:\/\/www.demefco.be\/fr\/#\/schema\/logo\/image\/","url":"https:\/\/www.demefco.be\/wp-content\/uploads\/2021\/06\/logo.png","contentUrl":"https:\/\/www.demefco.be\/wp-content\/uploads\/2021\/06\/logo.png","width":170,"height":170,"caption":"Demefco"},"image":{"@id":"https:\/\/www.demefco.be\/fr\/#\/schema\/logo\/image\/"},"sameAs":["https:\/\/www.facebook.com\/demefco\/","https:\/\/x.com\/demefco","https:\/\/www.linkedin.com\/company\/demefco"]}]}},"_links":{"self":[{"href":"https:\/\/www.demefco.be\/fr\/wp-json\/wp\/v2\/pages\/606","targetHints":{"allow":["GET"]}}],"collection":[{"href":"https:\/\/www.demefco.be\/fr\/wp-json\/wp\/v2\/pages"}],"about":[{"href":"https:\/\/www.demefco.be\/fr\/wp-json\/wp\/v2\/types\/page"}],"author":[{"embeddable":true,"href":"https:\/\/www.demefco.be\/fr\/wp-json\/wp\/v2\/users\/1"}],"replies":[{"embeddable":true,"href":"https:\/\/www.demefco.be\/fr\/wp-json\/wp\/v2\/comments?post=606"}],"version-history":[{"count":2,"href":"https:\/\/www.demefco.be\/fr\/wp-json\/wp\/v2\/pages\/606\/revisions"}],"predecessor-version":[{"id":1345,"href":"https:\/\/www.demefco.be\/fr\/wp-json\/wp\/v2\/pages\/606\/revisions\/1345"}],"wp:attachment":[{"href":"https:\/\/www.demefco.be\/fr\/wp-json\/wp\/v2\/media?parent=606"}],"curies":[{"name":"wp","href":"https:\/\/api.w.org\/{rel}","templated":true}]}}