{"id":608,"date":"2021-06-22T12:18:26","date_gmt":"2021-06-22T10:18:26","guid":{"rendered":"https:\/\/www.demefco.be\/diensten\/beleggen-in-vastgoed\/"},"modified":"2023-11-21T10:33:20","modified_gmt":"2023-11-21T08:33:20","slug":"investir-dans-immobilier","status":"publish","type":"page","link":"https:\/\/www.demefco.be\/fr\/services\/investir-dans-immobilier\/","title":{"rendered":"INVESTIR DANS L&rsquo;IMMOBILIER"},"content":{"rendered":"<h2>RENDEMENT ATTRACTIF, SANS RISQUES<\/h2>\n<p>Investir dans l&rsquo;immobilier, c&rsquo;est\u00a0<strong>un investissement stable et rentable<\/strong>. Pourquoi? Parce que l&rsquo;immobilier est une forme d&rsquo;investissement qui vous permet\u00a0<strong>d&rsquo;obtenir un bon retour sur le long terme et ce sans grand risque<\/strong>. Il s&rsquo;agit de la distinction principale entre investir dans la propri\u00e9t\u00e9 et d&rsquo;autres types d&rsquo;investissement. En raison des taux d&rsquo;int\u00e9r\u00eat bas, l&rsquo;investissement de votre argent \u00e0 la banque n&rsquo;est souvent pas int\u00e9ressant. \u00cates-vous \u00e0 la recherche des taux d&rsquo;int\u00e9r\u00eat plus \u00e9lev\u00e9s, le risque est \u00e9galement tr\u00e8s haut. Investir dans l&rsquo;immobilier vous emp\u00eache le choix entre la s\u00e9curit\u00e9 avec un bas taux d&rsquo;int\u00e9r\u00eat ou des taux d&rsquo;int\u00e9r\u00eat avec beaucoup de risques.<\/p>\n<p><a href=\"https:\/\/www.demefco.be\/fr\/contact\/\"><button style=\"background-color: #2a70ab; border: 0px solid #2a70ab; color: white; display: inline-block; vertical-align: baseline; min-width: 220px; height: 50px; padding: 0px 30px; font-size: 14px; font-weight: 800; text-transform: uppercase; line-height: 42px; position: relative;\">Contactez-nous<\/button><\/a><\/p>\n<h2>L\u2019IMMOBILIER AUGMENTE EN VALEUR<\/h2>\n<p>La valeur des maisons en Belgique a par exemple augment\u00e9e avec une moyenne de 6,3 % au cours des 50 derni\u00e8res ann\u00e9es. Par rapport aux actions, ils ont seulement eu une moyenne de 5,9 % par an. En outre, vous recevez \u00e9galement\u00a0<strong>les revenus de location<\/strong>\u00a0en investissant dans des biens immobiliers. Ce rendement locatif est d&rsquo;environ 5,2 % et donc beaucoup plus \u00e9lev\u00e9 que ce que vous pouvez gagner comme int\u00e9r\u00eat sur un compte d&rsquo;\u00e9pargne. Ainsi, vous r\u00e9alisez une belle valeur ajout\u00e9e de votre investissement \u00e0 long terme et vous g\u00e9n\u00e9rez tous les mois une belle somme d&rsquo;argent. Les loyers en Belgique ont augment\u00e9 au cours des derni\u00e8res ann\u00e9es, quelque chose dont vous b\u00e9n\u00e9ficierez s\u00fbrement.<\/p>\n<h2>UN INVESTISSEMENT STABLE<\/h2>\n<p>Des placements immobiliers\u00a0<strong>ne sont pas soumis aux fluctuations des march\u00e9s boursiers<\/strong>. Au contraire, ils sont le moyen id\u00e9al pour stabiliser votre portefeuille de placements. En outre, investir dans la propri\u00e9t\u00e9 entra\u00eene \u00e9galement\u00a0<strong>des avantages fiscaux<\/strong>. \u00c9tant donn\u00e9 que la complexit\u00e9 de la question fiscale et la situation unique dans laquelle chaque investisseur est situ\u00e9, nous aimons les expliquer personnellement.\u00a0Investir dans l&rsquo;immobilier est possible, tant pour le petit que le grand investisseur.<\/p>\n<p>Demefco poss\u00e8de\u00a0<strong>des ann\u00e9es d&rsquo;exp\u00e9rience dans la construction d&rsquo;un patrimoine<\/strong>\u00a0et des investissements dans la propri\u00e9t\u00e9. Nous sommes id\u00e9alement plac\u00e9s pour vous donner des conseils professionnels et pour travailler avec vous afin de d\u00e9terminer\u00a0<strong>quel est l&rsquo;investissement id\u00e9al dans l&rsquo;immobilier<\/strong>\u00a0selon votre budget et vos besoins. N&rsquo;h\u00e9sitez pas \u00e0\u00a0<a href=\"\/fr\/contact\">nous contacter<\/a>.<\/p>\n<div class=\"wpforms-container contact-page-form\" id=\"wpforms-10\"><form id=\"wpforms-form-10\" class=\"wpforms-validate wpforms-form\" data-formid=\"10\" method=\"post\" enctype=\"multipart\/form-data\" action=\"\/fr\/wp-json\/wp\/v2\/pages\/608\" data-token=\"accac9bc3e91266b8a2392840381a37a\" data-token-time=\"1776759911\"><noscript class=\"wpforms-error-noscript\">Veuillez activer JavaScript dans votre navigateur pour remplir ce formulaire.<\/noscript><div class=\"wpforms-field-container\"><div id=\"wpforms-10-field_6-container\" class=\"wpforms-field wpforms-field-name wpforms-one-half wpforms-first\" data-field-id=\"6\"><label class=\"wpforms-field-label wpforms-label-hide\" for=\"wpforms-10-field_6\">Pr\u00e9nom <span class=\"wpforms-required-label\">*<\/span><\/label><input type=\"text\" id=\"wpforms-10-field_6\" class=\"wpforms-field-large wpforms-field-required\" name=\"wpforms[fields][6]\" placeholder=\"Pr\u00e9nom\" required><\/div><div id=\"wpforms-10-field_7-container\" class=\"wpforms-field wpforms-field-name wpforms-one-half\" data-field-id=\"7\"><label class=\"wpforms-field-label wpforms-label-hide\" for=\"wpforms-10-field_7\">Nom de famille <span class=\"wpforms-required-label\">*<\/span><\/label><input type=\"text\" id=\"wpforms-10-field_7\" class=\"wpforms-field-large wpforms-field-required\" name=\"wpforms[fields][7]\" placeholder=\"Nom de famille\" required><\/div><div id=\"wpforms-10-field_1-container\" class=\"wpforms-field wpforms-field-email wpforms-one-half wpforms-first\" data-field-id=\"1\"><label class=\"wpforms-field-label wpforms-label-hide\" for=\"wpforms-10-field_1\">E-mail <span class=\"wpforms-required-label\">*<\/span><\/label><input type=\"email\" id=\"wpforms-10-field_1\" class=\"wpforms-field-large wpforms-field-required\" name=\"wpforms[fields][1]\" placeholder=\"E-mail\" spellcheck=\"false\" required><\/div><div id=\"wpforms-10-field_9-container\" class=\"wpforms-field wpforms-field-text wpforms-one-half\" data-field-id=\"9\"><label class=\"wpforms-field-label wpforms-label-hide\" for=\"wpforms-10-field_9\">T\u00e9l\u00e9phone<\/label><input type=\"text\" id=\"wpforms-10-field_9\" class=\"wpforms-field-large\" name=\"wpforms[fields][9]\" placeholder=\"T\u00e9l\u00e9phone\" ><\/div><div id=\"wpforms-10-field_2-container\" class=\"wpforms-field wpforms-field-textarea\" data-field-id=\"2\"><label class=\"wpforms-field-label wpforms-label-hide\" for=\"wpforms-10-field_2\">Commentaire ou message <span class=\"wpforms-required-label\">*<\/span><\/label><textarea id=\"wpforms-10-field_2\" class=\"wpforms-field-medium wpforms-field-required\" name=\"wpforms[fields][2]\" placeholder=\"Votre message\" required><\/textarea><\/div><div id=\"wpforms-10-field_4-container\" class=\"wpforms-field wpforms-field-html\" data-field-id=\"4\"><div id=\"wpforms-10-field_4\">Nous respectons votre <a href=\"https:\/\/www.demefco.be\/fr\/politique-de-confidentialite\/\" target=\"_blank\">confidentialit\u00e9<\/a>.<\/div><\/div><\/div><!-- .wpforms-field-container --><div class=\"wpforms-field wpforms-field-hp\"><label for=\"wpforms-10-field-hp\" class=\"wpforms-field-label\">Comment<\/label><input type=\"text\" name=\"wpforms[hp]\" id=\"wpforms-10-field-hp\" class=\"wpforms-field-medium\"><\/div><div class=\"wpforms-submit-container\" ><input type=\"hidden\" name=\"wpforms[id]\" value=\"10\"><input type=\"hidden\" name=\"page_title\" value=\"\"><input type=\"hidden\" name=\"page_url\" value=\"https:\/\/www.demefco.be\/fr\/wp-json\/wp\/v2\/pages\/608\"><input type=\"hidden\" name=\"url_referer\" value=\"\"><button type=\"submit\" name=\"wpforms[submit]\" id=\"wpforms-submit-10\" class=\"wpforms-submit\" data-alt-text=\"Soumettre...\" data-submit-text=\"Soumettre\" aria-live=\"assertive\" value=\"wpforms-submit\">Soumettre<\/button><\/div><\/form><\/div>  <!-- .wpforms-container -->\n","protected":false},"excerpt":{"rendered":"<p>RENDEMENT ATTRACTIF, SANS RISQUES Investir dans l&rsquo;immobilier, c&rsquo;est\u00a0un investissement stable et rentable. Pourquoi? Parce que l&rsquo;immobilier est une forme d&rsquo;investissement qui vous permet\u00a0d&rsquo;obtenir&#8230;<\/p>\n","protected":false},"author":1,"featured_media":0,"parent":606,"menu_order":2,"comment_status":"closed","ping_status":"closed","template":"","meta":{"_acf_changed":false,"inline_featured_image":false,"footnotes":""},"class_list":["post-608","page","type-page","status-publish","hentry"],"acf":[],"yoast_head":"<!-- This site is optimized with the Yoast SEO plugin v27.0 - https:\/\/yoast.com\/product\/yoast-seo-wordpress\/ -->\n<title>INVESTIR DANS L&#039;IMMOBILIER - Demefco Projectontwikkeling<\/title>\n<meta name=\"description\" content=\"Investir dans l&#039;immobilier, c&#039;est un investissement qui vous permet d&#039;obtenir un bon retour sur le long terme, sans grand risque.\" \/>\n<meta name=\"robots\" content=\"index, follow, max-snippet:-1, max-image-preview:large, max-video-preview:-1\" \/>\n<link rel=\"canonical\" href=\"https:\/\/www.demefco.be\/fr\/services\/investir-dans-immobilier\/\" \/>\n<meta property=\"og:locale\" content=\"fr_FR\" \/>\n<meta property=\"og:type\" content=\"article\" \/>\n<meta property=\"og:title\" content=\"INVESTIR DANS L&#039;IMMOBILIER - Demefco Projectontwikkeling\" \/>\n<meta property=\"og:description\" content=\"Investir dans l&#039;immobilier, c&#039;est un investissement qui vous permet d&#039;obtenir un bon retour sur le long terme, sans grand risque.\" \/>\n<meta property=\"og:url\" content=\"https:\/\/www.demefco.be\/fr\/services\/investir-dans-immobilier\/\" \/>\n<meta property=\"og:site_name\" content=\"Demefco Projectontwikkeling\" \/>\n<meta property=\"article:publisher\" content=\"https:\/\/www.facebook.com\/demefco\/\" \/>\n<meta property=\"article:modified_time\" content=\"2023-11-21T08:33:20+00:00\" \/>\n<meta property=\"og:image\" content=\"https:\/\/www.demefco.be\/wp-content\/uploads\/2021\/06\/1.jpg\" \/>\n\t<meta property=\"og:image:width\" content=\"1920\" \/>\n\t<meta property=\"og:image:height\" content=\"870\" \/>\n\t<meta property=\"og:image:type\" content=\"image\/jpeg\" \/>\n<meta name=\"twitter:card\" content=\"summary_large_image\" \/>\n<meta name=\"twitter:site\" content=\"@demefco\" \/>\n<meta name=\"twitter:label1\" content=\"Dur\u00e9e de lecture est.\" \/>\n\t<meta name=\"twitter:data1\" content=\"2 minutes\" \/>\n<script type=\"application\/ld+json\" class=\"yoast-schema-graph\">{\"@context\":\"https:\/\/schema.org\",\"@graph\":[{\"@type\":\"WebPage\",\"@id\":\"https:\/\/www.demefco.be\/fr\/services\/investir-dans-immobilier\/\",\"url\":\"https:\/\/www.demefco.be\/fr\/services\/investir-dans-immobilier\/\",\"name\":\"INVESTIR DANS L'IMMOBILIER - Demefco Projectontwikkeling\",\"isPartOf\":{\"@id\":\"https:\/\/www.demefco.be\/fr\/#website\"},\"datePublished\":\"2021-06-22T10:18:26+00:00\",\"dateModified\":\"2023-11-21T08:33:20+00:00\",\"description\":\"Investir dans l'immobilier, c'est un investissement qui vous permet d'obtenir un bon retour sur le long terme, sans grand risque.\",\"breadcrumb\":{\"@id\":\"https:\/\/www.demefco.be\/fr\/services\/investir-dans-immobilier\/#breadcrumb\"},\"inLanguage\":\"fr-BE\",\"potentialAction\":[{\"@type\":\"ReadAction\",\"target\":[\"https:\/\/www.demefco.be\/fr\/services\/investir-dans-immobilier\/\"]}]},{\"@type\":\"BreadcrumbList\",\"@id\":\"https:\/\/www.demefco.be\/fr\/services\/investir-dans-immobilier\/#breadcrumb\",\"itemListElement\":[{\"@type\":\"ListItem\",\"position\":1,\"name\":\"Start\",\"item\":\"https:\/\/www.demefco.be\/fr\/\"},{\"@type\":\"ListItem\",\"position\":2,\"name\":\"Services\",\"item\":\"https:\/\/www.demefco.be\/fr\/services\/\"},{\"@type\":\"ListItem\",\"position\":3,\"name\":\"INVESTIR DANS L&#8217;IMMOBILIER\"}]},{\"@type\":\"WebSite\",\"@id\":\"https:\/\/www.demefco.be\/fr\/#website\",\"url\":\"https:\/\/www.demefco.be\/fr\/\",\"name\":\"Demefco Projectontwikkeling\",\"description\":\"Demefco Projectontwikkeling\",\"publisher\":{\"@id\":\"https:\/\/www.demefco.be\/fr\/#organization\"},\"potentialAction\":[{\"@type\":\"SearchAction\",\"target\":{\"@type\":\"EntryPoint\",\"urlTemplate\":\"https:\/\/www.demefco.be\/fr\/?s={search_term_string}\"},\"query-input\":{\"@type\":\"PropertyValueSpecification\",\"valueRequired\":true,\"valueName\":\"search_term_string\"}}],\"inLanguage\":\"fr-BE\"},{\"@type\":\"Organization\",\"@id\":\"https:\/\/www.demefco.be\/fr\/#organization\",\"name\":\"Demefco\",\"url\":\"https:\/\/www.demefco.be\/fr\/\",\"logo\":{\"@type\":\"ImageObject\",\"inLanguage\":\"fr-BE\",\"@id\":\"https:\/\/www.demefco.be\/fr\/#\/schema\/logo\/image\/\",\"url\":\"https:\/\/www.demefco.be\/wp-content\/uploads\/2021\/06\/logo.png\",\"contentUrl\":\"https:\/\/www.demefco.be\/wp-content\/uploads\/2021\/06\/logo.png\",\"width\":170,\"height\":170,\"caption\":\"Demefco\"},\"image\":{\"@id\":\"https:\/\/www.demefco.be\/fr\/#\/schema\/logo\/image\/\"},\"sameAs\":[\"https:\/\/www.facebook.com\/demefco\/\",\"https:\/\/x.com\/demefco\",\"https:\/\/www.linkedin.com\/company\/demefco\"]}]}<\/script>\n<!-- \/ Yoast SEO plugin. -->","yoast_head_json":{"title":"INVESTIR DANS L'IMMOBILIER - Demefco Projectontwikkeling","description":"Investir dans l'immobilier, c'est un investissement qui vous permet d'obtenir un bon retour sur le long terme, sans grand risque.","robots":{"index":"index","follow":"follow","max-snippet":"max-snippet:-1","max-image-preview":"max-image-preview:large","max-video-preview":"max-video-preview:-1"},"canonical":"https:\/\/www.demefco.be\/fr\/services\/investir-dans-immobilier\/","og_locale":"fr_FR","og_type":"article","og_title":"INVESTIR DANS L'IMMOBILIER - Demefco Projectontwikkeling","og_description":"Investir dans l'immobilier, c'est un investissement qui vous permet d'obtenir un bon retour sur le long terme, sans grand risque.","og_url":"https:\/\/www.demefco.be\/fr\/services\/investir-dans-immobilier\/","og_site_name":"Demefco Projectontwikkeling","article_publisher":"https:\/\/www.facebook.com\/demefco\/","article_modified_time":"2023-11-21T08:33:20+00:00","og_image":[{"width":1920,"height":870,"url":"https:\/\/www.demefco.be\/wp-content\/uploads\/2021\/06\/1.jpg","type":"image\/jpeg"}],"twitter_card":"summary_large_image","twitter_site":"@demefco","twitter_misc":{"Dur\u00e9e de lecture est.":"2 minutes"},"schema":{"@context":"https:\/\/schema.org","@graph":[{"@type":"WebPage","@id":"https:\/\/www.demefco.be\/fr\/services\/investir-dans-immobilier\/","url":"https:\/\/www.demefco.be\/fr\/services\/investir-dans-immobilier\/","name":"INVESTIR DANS L'IMMOBILIER - Demefco Projectontwikkeling","isPartOf":{"@id":"https:\/\/www.demefco.be\/fr\/#website"},"datePublished":"2021-06-22T10:18:26+00:00","dateModified":"2023-11-21T08:33:20+00:00","description":"Investir dans l'immobilier, c'est un investissement qui vous permet d'obtenir un bon retour sur le long terme, sans grand risque.","breadcrumb":{"@id":"https:\/\/www.demefco.be\/fr\/services\/investir-dans-immobilier\/#breadcrumb"},"inLanguage":"fr-BE","potentialAction":[{"@type":"ReadAction","target":["https:\/\/www.demefco.be\/fr\/services\/investir-dans-immobilier\/"]}]},{"@type":"BreadcrumbList","@id":"https:\/\/www.demefco.be\/fr\/services\/investir-dans-immobilier\/#breadcrumb","itemListElement":[{"@type":"ListItem","position":1,"name":"Start","item":"https:\/\/www.demefco.be\/fr\/"},{"@type":"ListItem","position":2,"name":"Services","item":"https:\/\/www.demefco.be\/fr\/services\/"},{"@type":"ListItem","position":3,"name":"INVESTIR DANS L&#8217;IMMOBILIER"}]},{"@type":"WebSite","@id":"https:\/\/www.demefco.be\/fr\/#website","url":"https:\/\/www.demefco.be\/fr\/","name":"Demefco Projectontwikkeling","description":"Demefco Projectontwikkeling","publisher":{"@id":"https:\/\/www.demefco.be\/fr\/#organization"},"potentialAction":[{"@type":"SearchAction","target":{"@type":"EntryPoint","urlTemplate":"https:\/\/www.demefco.be\/fr\/?s={search_term_string}"},"query-input":{"@type":"PropertyValueSpecification","valueRequired":true,"valueName":"search_term_string"}}],"inLanguage":"fr-BE"},{"@type":"Organization","@id":"https:\/\/www.demefco.be\/fr\/#organization","name":"Demefco","url":"https:\/\/www.demefco.be\/fr\/","logo":{"@type":"ImageObject","inLanguage":"fr-BE","@id":"https:\/\/www.demefco.be\/fr\/#\/schema\/logo\/image\/","url":"https:\/\/www.demefco.be\/wp-content\/uploads\/2021\/06\/logo.png","contentUrl":"https:\/\/www.demefco.be\/wp-content\/uploads\/2021\/06\/logo.png","width":170,"height":170,"caption":"Demefco"},"image":{"@id":"https:\/\/www.demefco.be\/fr\/#\/schema\/logo\/image\/"},"sameAs":["https:\/\/www.facebook.com\/demefco\/","https:\/\/x.com\/demefco","https:\/\/www.linkedin.com\/company\/demefco"]}]}},"_links":{"self":[{"href":"https:\/\/www.demefco.be\/fr\/wp-json\/wp\/v2\/pages\/608","targetHints":{"allow":["GET"]}}],"collection":[{"href":"https:\/\/www.demefco.be\/fr\/wp-json\/wp\/v2\/pages"}],"about":[{"href":"https:\/\/www.demefco.be\/fr\/wp-json\/wp\/v2\/types\/page"}],"author":[{"embeddable":true,"href":"https:\/\/www.demefco.be\/fr\/wp-json\/wp\/v2\/users\/1"}],"replies":[{"embeddable":true,"href":"https:\/\/www.demefco.be\/fr\/wp-json\/wp\/v2\/comments?post=608"}],"version-history":[{"count":4,"href":"https:\/\/www.demefco.be\/fr\/wp-json\/wp\/v2\/pages\/608\/revisions"}],"predecessor-version":[{"id":1337,"href":"https:\/\/www.demefco.be\/fr\/wp-json\/wp\/v2\/pages\/608\/revisions\/1337"}],"up":[{"embeddable":true,"href":"https:\/\/www.demefco.be\/fr\/wp-json\/wp\/v2\/pages\/606"}],"wp:attachment":[{"href":"https:\/\/www.demefco.be\/fr\/wp-json\/wp\/v2\/media?parent=608"}],"curies":[{"name":"wp","href":"https:\/\/api.w.org\/{rel}","templated":true}]}}