{"id":610,"date":"2021-06-22T12:19:06","date_gmt":"2021-06-22T10:19:06","guid":{"rendered":"https:\/\/www.demefco.be\/diensten\/commercieel-vastgoed\/"},"modified":"2023-11-20T17:39:38","modified_gmt":"2023-11-20T15:39:38","slug":"immobilier-commercial","status":"publish","type":"page","link":"https:\/\/www.demefco.be\/fr\/services\/investisseur-immobilier\/immobilier-commercial\/","title":{"rendered":"IMMOBILIER COMMERCIAL"},"content":{"rendered":"<h2>UNE EXPERTISE EXCLUSIVE<\/h2>\n<p>L&rsquo;achat et la vente de l&rsquo;immobilier commercial n\u00e9cessite\u00a0<strong>une connaissance tr\u00e8s pr\u00e9cise<\/strong> de cette partie de l&rsquo;industrie immobili\u00e8re. Demefco a beaucoup d&rsquo;exp\u00e9rience en cette mati\u00e8re tant comme promoteur que comme gestionnaire immobilier. Lorsque vous investissez dans un bien commercial, <strong>la situation est cruciale pour les rendements<\/strong>. Les investissements dans l&rsquo;immobilier commercial sont des investissements \u00e0 long terme. C&rsquo;est pourquoi il est important d&rsquo;avoir beaucoup de sentiment avec les \u00e9volutions sur le march\u00e9 et d&rsquo;\u00eatre ancr\u00e9e dans sa r\u00e9gion.<\/p>\n<h2>IMMOBILIER COMMERCIAL INT\u00c9RESSANT<\/h2>\n<p>En plus de l&#8217;emplacement, il y a un certain nombre d&rsquo;autres facteurs qui entrent en jeu dans l&rsquo;efficacit\u00e9 de l&rsquo;immobilier commercial. Par exemple, il y a\u00a0<strong>l&rsquo;acc\u00e8s et le parking<\/strong>. Ces deux facteurs sont souvent d\u00e9terminants pour les clients et donc aussi pour le rendement de votre bien immobilier commercial. Des propri\u00e9t\u00e9s commerciales avec un bon emplacement et une accessibilit\u00e9 facile sont rentables sur le march\u00e9 de la location.<\/p>\n<p><a href=\"https:\/\/www.demefco.be\/fr\/contact\/\"><button style=\"background-color: #2a70ab; border: 0px solid #2a70ab; color: white; display: inline-block; vertical-align: baseline; min-width: 220px; height: 50px; padding: 0px 30px; font-size: 14px; font-weight: 800; text-transform: uppercase; line-height: 42px; position: relative;\">Contactez-nous<\/button><\/a><\/p>\n<h2>\u00c9VITER LES VACANCES<\/h2>\n<div class=\"flex-1 overflow-hidden\">\n<div class=\"react-scroll-to-bottom--css-wplaa-79elbk h-full\">\n<div class=\"react-scroll-to-bottom--css-wplaa-1n7m0yu\">\n<div class=\"flex flex-col text-sm gizmo:pb-9 dark:bg-gray-800 gizmo:dark:bg-transparent\">\n<div class=\"w-full text-token-text-primary border-b border-black\/10 gizmo:border-0 dark:border-gray-900\/50 gizmo:dark:border-0 bg-gray-50 gizmo:bg-transparent dark:bg-[#444654] gizmo:dark:bg-transparent\" data-testid=\"conversation-turn-51\">\n<div class=\"p-4 gizmo:py-2 justify-center text-base md:gap-6 md:py-6 m-auto\">\n<div class=\"flex flex-1 gap-4 text-base mx-auto md:gap-6 gizmo:gap-3 gizmo:md:px-5 gizmo:lg:px-1 gizmo:xl:px-5 md:max-w-2xl lg:max-w-[38rem] gizmo:md:max-w-3xl gizmo:lg:max-w-[40rem] gizmo:xl:max-w-[48rem] xl:max-w-3xl } group final-completion\">\n<div class=\"relative flex w-[calc(100%-50px)] flex-col gizmo:w-full lg:w-[calc(100%-115px)] agent-turn\">\n<div class=\"flex-col gap-1 md:gap-3\">\n<div class=\"flex flex-grow flex-col max-w-full gap-3 gizmo:gap-0\">\n<div class=\"min-h-[20px] text-message flex flex-col items-start gap-3 whitespace-pre-wrap break-words [.text-message+&amp;]:mt-5 overflow-x-auto\" data-message-author-role=\"assistant\" data-message-id=\"021e4e1c-f2fb-45d5-b87e-9c0dd218eda3\">\n<div class=\"markdown prose w-full break-words dark:prose-invert light\">\n<p>Lorsque vous investissez dans des locaux d&rsquo;affaires, \u00e9viter les p\u00e9riodes de vacance est crucial. Contrairement au r\u00e9sidentiel, le secteur des locaux d&rsquo;affaires suit <strong>des r\u00e8gles distinctes<\/strong>. Un b\u00e2timent r\u00e9sidentiel attractif peut ne pas l&rsquo;\u00eatre pour les affaires. D&rsquo;o\u00f9 l&rsquo;importance d&rsquo;une connaissance approfondie du march\u00e9 des locaux d&rsquo;affaires. Anticiper l&rsquo;avenir est \u00e9galement crucial. Pour les locaux d&rsquo;affaires, explorer <strong>les opportunit\u00e9s commerciales environnantes<\/strong> est essentiel. Ainsi, un espace commercial qui fera bient\u00f4t partie d&rsquo;un centre commercial ou un ensemble d&rsquo;activit\u00e9s commerciales est un choix plus s\u00fbr qu&rsquo;une seule propri\u00e9t\u00e9.<\/p>\n<\/div>\n<\/div>\n<\/div>\n<\/div>\n<\/div>\n<\/div>\n<\/div>\n<\/div>\n<\/div>\n<\/div>\n<\/div>\n<\/div>\n<p>Vendez-vous ou envisagez-vous d&rsquo;investir dans un bien commercial? Veuillez <a href=\"https:\/\/demefco.be\/fr\/contact\" target=\"_blank\" rel=\"noopener\">contacter Demefco<\/a>. Nous recherchons constamment des propri\u00e9t\u00e9s afin d&rsquo;\u00e9largir notre patrimoine ou des possibilit\u00e9s pour de nouveaux projets.<\/p>\n<div class=\"wpforms-container contact-page-form\" id=\"wpforms-10\"><form id=\"wpforms-form-10\" class=\"wpforms-validate wpforms-form\" data-formid=\"10\" method=\"post\" enctype=\"multipart\/form-data\" action=\"\/fr\/wp-json\/wp\/v2\/pages\/610\" data-token=\"cdfd43a92cf2e92ee43af09cc5521722\" data-token-time=\"1776303973\"><noscript class=\"wpforms-error-noscript\">Veuillez activer JavaScript dans votre navigateur pour remplir ce formulaire.<\/noscript><div class=\"wpforms-field-container\"><div id=\"wpforms-10-field_6-container\" class=\"wpforms-field wpforms-field-name wpforms-one-half wpforms-first\" data-field-id=\"6\"><label class=\"wpforms-field-label wpforms-label-hide\" for=\"wpforms-10-field_6\">Pr\u00e9nom <span class=\"wpforms-required-label\">*<\/span><\/label><input type=\"text\" id=\"wpforms-10-field_6\" class=\"wpforms-field-large wpforms-field-required\" name=\"wpforms[fields][6]\" placeholder=\"Pr\u00e9nom\" required><\/div><div id=\"wpforms-10-field_7-container\" class=\"wpforms-field wpforms-field-name wpforms-one-half\" data-field-id=\"7\"><label class=\"wpforms-field-label wpforms-label-hide\" for=\"wpforms-10-field_7\">Nom de famille <span class=\"wpforms-required-label\">*<\/span><\/label><input type=\"text\" id=\"wpforms-10-field_7\" class=\"wpforms-field-large wpforms-field-required\" name=\"wpforms[fields][7]\" placeholder=\"Nom de famille\" required><\/div><div id=\"wpforms-10-field_1-container\" class=\"wpforms-field wpforms-field-email wpforms-one-half wpforms-first\" data-field-id=\"1\"><label class=\"wpforms-field-label wpforms-label-hide\" for=\"wpforms-10-field_1\">E-mail <span class=\"wpforms-required-label\">*<\/span><\/label><input type=\"email\" id=\"wpforms-10-field_1\" class=\"wpforms-field-large wpforms-field-required\" name=\"wpforms[fields][1]\" placeholder=\"E-mail\" spellcheck=\"false\" required><\/div><div id=\"wpforms-10-field_9-container\" class=\"wpforms-field wpforms-field-text wpforms-one-half\" data-field-id=\"9\"><label class=\"wpforms-field-label wpforms-label-hide\" for=\"wpforms-10-field_9\">T\u00e9l\u00e9phone<\/label><input type=\"text\" id=\"wpforms-10-field_9\" class=\"wpforms-field-large\" name=\"wpforms[fields][9]\" placeholder=\"T\u00e9l\u00e9phone\" ><\/div><div id=\"wpforms-10-field_2-container\" class=\"wpforms-field wpforms-field-textarea\" data-field-id=\"2\"><label class=\"wpforms-field-label wpforms-label-hide\" for=\"wpforms-10-field_2\">Commentaire ou message <span class=\"wpforms-required-label\">*<\/span><\/label><textarea id=\"wpforms-10-field_2\" class=\"wpforms-field-medium wpforms-field-required\" name=\"wpforms[fields][2]\" placeholder=\"Votre message\" required><\/textarea><\/div><div id=\"wpforms-10-field_4-container\" class=\"wpforms-field wpforms-field-html\" data-field-id=\"4\"><div id=\"wpforms-10-field_4\">Nous respectons votre <a href=\"https:\/\/www.demefco.be\/fr\/politique-de-confidentialite\/\" target=\"_blank\">confidentialit\u00e9<\/a>.<\/div><\/div><\/div><!-- .wpforms-field-container --><div class=\"wpforms-field wpforms-field-hp\"><label for=\"wpforms-10-field-hp\" class=\"wpforms-field-label\">Email<\/label><input type=\"text\" name=\"wpforms[hp]\" id=\"wpforms-10-field-hp\" class=\"wpforms-field-medium\"><\/div><div class=\"wpforms-submit-container\" ><input type=\"hidden\" name=\"wpforms[id]\" value=\"10\"><input type=\"hidden\" name=\"page_title\" value=\"\"><input type=\"hidden\" name=\"page_url\" value=\"https:\/\/www.demefco.be\/fr\/wp-json\/wp\/v2\/pages\/610\"><input type=\"hidden\" name=\"url_referer\" value=\"\"><button type=\"submit\" name=\"wpforms[submit]\" id=\"wpforms-submit-10\" class=\"wpforms-submit\" data-alt-text=\"Soumettre...\" data-submit-text=\"Soumettre\" aria-live=\"assertive\" value=\"wpforms-submit\">Soumettre<\/button><\/div><\/form><\/div>  <!-- .wpforms-container -->\n","protected":false},"excerpt":{"rendered":"<p>UNE EXPERTISE EXCLUSIVE L&rsquo;achat et la vente de l&rsquo;immobilier commercial n\u00e9cessite\u00a0une connaissance tr\u00e8s pr\u00e9cise de cette partie de l&rsquo;industrie immobili\u00e8re. Demefco a beaucoup&#8230;<\/p>\n","protected":false},"author":1,"featured_media":0,"parent":612,"menu_order":0,"comment_status":"closed","ping_status":"closed","template":"","meta":{"_acf_changed":false,"inline_featured_image":false,"footnotes":""},"class_list":["post-610","page","type-page","status-publish","hentry"],"acf":[],"yoast_head":"<!-- This site is optimized with the Yoast SEO plugin v27.0 - https:\/\/yoast.com\/product\/yoast-seo-wordpress\/ -->\n<title>IMMOBILIER COMMERCIAL - Demefco Projectontwikkeling<\/title>\n<meta name=\"description\" content=\"Vendez ou investissez dans l&#039;immobilier commercial avec Demefco. Visitez notre site pour b\u00e9n\u00e9ficier de notre expertise.\" \/>\n<meta name=\"robots\" content=\"index, follow, max-snippet:-1, max-image-preview:large, max-video-preview:-1\" \/>\n<link rel=\"canonical\" href=\"https:\/\/www.demefco.be\/fr\/services\/investisseur-immobilier\/immobilier-commercial\/\" \/>\n<meta property=\"og:locale\" content=\"fr_FR\" \/>\n<meta property=\"og:type\" content=\"article\" \/>\n<meta property=\"og:title\" content=\"IMMOBILIER COMMERCIAL - Demefco Projectontwikkeling\" \/>\n<meta property=\"og:description\" content=\"Vendez ou investissez dans l&#039;immobilier commercial avec Demefco. Visitez notre site pour b\u00e9n\u00e9ficier de notre expertise.\" \/>\n<meta property=\"og:url\" content=\"https:\/\/www.demefco.be\/fr\/services\/investisseur-immobilier\/immobilier-commercial\/\" \/>\n<meta property=\"og:site_name\" content=\"Demefco Projectontwikkeling\" \/>\n<meta property=\"article:publisher\" content=\"https:\/\/www.facebook.com\/demefco\/\" \/>\n<meta property=\"article:modified_time\" content=\"2023-11-20T15:39:38+00:00\" \/>\n<meta property=\"og:image\" content=\"https:\/\/www.demefco.be\/wp-content\/uploads\/2021\/06\/1.jpg\" \/>\n\t<meta property=\"og:image:width\" content=\"1920\" \/>\n\t<meta property=\"og:image:height\" content=\"870\" \/>\n\t<meta property=\"og:image:type\" content=\"image\/jpeg\" \/>\n<meta name=\"twitter:card\" content=\"summary_large_image\" \/>\n<meta name=\"twitter:site\" content=\"@demefco\" \/>\n<meta name=\"twitter:label1\" content=\"Dur\u00e9e de lecture est.\" \/>\n\t<meta name=\"twitter:data1\" content=\"2 minutes\" \/>\n<script type=\"application\/ld+json\" class=\"yoast-schema-graph\">{\"@context\":\"https:\/\/schema.org\",\"@graph\":[{\"@type\":\"WebPage\",\"@id\":\"https:\/\/www.demefco.be\/fr\/services\/investisseur-immobilier\/immobilier-commercial\/\",\"url\":\"https:\/\/www.demefco.be\/fr\/services\/investisseur-immobilier\/immobilier-commercial\/\",\"name\":\"IMMOBILIER COMMERCIAL - Demefco Projectontwikkeling\",\"isPartOf\":{\"@id\":\"https:\/\/www.demefco.be\/fr\/#website\"},\"datePublished\":\"2021-06-22T10:19:06+00:00\",\"dateModified\":\"2023-11-20T15:39:38+00:00\",\"description\":\"Vendez ou investissez dans l'immobilier commercial avec Demefco. Visitez notre site pour b\u00e9n\u00e9ficier de notre expertise.\",\"breadcrumb\":{\"@id\":\"https:\/\/www.demefco.be\/fr\/services\/investisseur-immobilier\/immobilier-commercial\/#breadcrumb\"},\"inLanguage\":\"fr-BE\",\"potentialAction\":[{\"@type\":\"ReadAction\",\"target\":[\"https:\/\/www.demefco.be\/fr\/services\/investisseur-immobilier\/immobilier-commercial\/\"]}]},{\"@type\":\"BreadcrumbList\",\"@id\":\"https:\/\/www.demefco.be\/fr\/services\/investisseur-immobilier\/immobilier-commercial\/#breadcrumb\",\"itemListElement\":[{\"@type\":\"ListItem\",\"position\":1,\"name\":\"Start\",\"item\":\"https:\/\/www.demefco.be\/fr\/\"},{\"@type\":\"ListItem\",\"position\":2,\"name\":\"Services\",\"item\":\"https:\/\/www.demefco.be\/fr\/services\/\"},{\"@type\":\"ListItem\",\"position\":3,\"name\":\"INVESTISSEUR IMMOBILIER\",\"item\":\"https:\/\/www.demefco.be\/fr\/services\/investisseur-immobilier\/\"},{\"@type\":\"ListItem\",\"position\":4,\"name\":\"IMMOBILIER COMMERCIAL\"}]},{\"@type\":\"WebSite\",\"@id\":\"https:\/\/www.demefco.be\/fr\/#website\",\"url\":\"https:\/\/www.demefco.be\/fr\/\",\"name\":\"Demefco Projectontwikkeling\",\"description\":\"Demefco Projectontwikkeling\",\"publisher\":{\"@id\":\"https:\/\/www.demefco.be\/fr\/#organization\"},\"potentialAction\":[{\"@type\":\"SearchAction\",\"target\":{\"@type\":\"EntryPoint\",\"urlTemplate\":\"https:\/\/www.demefco.be\/fr\/?s={search_term_string}\"},\"query-input\":{\"@type\":\"PropertyValueSpecification\",\"valueRequired\":true,\"valueName\":\"search_term_string\"}}],\"inLanguage\":\"fr-BE\"},{\"@type\":\"Organization\",\"@id\":\"https:\/\/www.demefco.be\/fr\/#organization\",\"name\":\"Demefco\",\"url\":\"https:\/\/www.demefco.be\/fr\/\",\"logo\":{\"@type\":\"ImageObject\",\"inLanguage\":\"fr-BE\",\"@id\":\"https:\/\/www.demefco.be\/fr\/#\/schema\/logo\/image\/\",\"url\":\"https:\/\/www.demefco.be\/wp-content\/uploads\/2021\/06\/logo.png\",\"contentUrl\":\"https:\/\/www.demefco.be\/wp-content\/uploads\/2021\/06\/logo.png\",\"width\":170,\"height\":170,\"caption\":\"Demefco\"},\"image\":{\"@id\":\"https:\/\/www.demefco.be\/fr\/#\/schema\/logo\/image\/\"},\"sameAs\":[\"https:\/\/www.facebook.com\/demefco\/\",\"https:\/\/x.com\/demefco\",\"https:\/\/www.linkedin.com\/company\/demefco\"]}]}<\/script>\n<!-- \/ Yoast SEO plugin. -->","yoast_head_json":{"title":"IMMOBILIER COMMERCIAL - Demefco Projectontwikkeling","description":"Vendez ou investissez dans l'immobilier commercial avec Demefco. Visitez notre site pour b\u00e9n\u00e9ficier de notre expertise.","robots":{"index":"index","follow":"follow","max-snippet":"max-snippet:-1","max-image-preview":"max-image-preview:large","max-video-preview":"max-video-preview:-1"},"canonical":"https:\/\/www.demefco.be\/fr\/services\/investisseur-immobilier\/immobilier-commercial\/","og_locale":"fr_FR","og_type":"article","og_title":"IMMOBILIER COMMERCIAL - Demefco Projectontwikkeling","og_description":"Vendez ou investissez dans l'immobilier commercial avec Demefco. Visitez notre site pour b\u00e9n\u00e9ficier de notre expertise.","og_url":"https:\/\/www.demefco.be\/fr\/services\/investisseur-immobilier\/immobilier-commercial\/","og_site_name":"Demefco Projectontwikkeling","article_publisher":"https:\/\/www.facebook.com\/demefco\/","article_modified_time":"2023-11-20T15:39:38+00:00","og_image":[{"width":1920,"height":870,"url":"https:\/\/www.demefco.be\/wp-content\/uploads\/2021\/06\/1.jpg","type":"image\/jpeg"}],"twitter_card":"summary_large_image","twitter_site":"@demefco","twitter_misc":{"Dur\u00e9e de lecture est.":"2 minutes"},"schema":{"@context":"https:\/\/schema.org","@graph":[{"@type":"WebPage","@id":"https:\/\/www.demefco.be\/fr\/services\/investisseur-immobilier\/immobilier-commercial\/","url":"https:\/\/www.demefco.be\/fr\/services\/investisseur-immobilier\/immobilier-commercial\/","name":"IMMOBILIER COMMERCIAL - Demefco Projectontwikkeling","isPartOf":{"@id":"https:\/\/www.demefco.be\/fr\/#website"},"datePublished":"2021-06-22T10:19:06+00:00","dateModified":"2023-11-20T15:39:38+00:00","description":"Vendez ou investissez dans l'immobilier commercial avec Demefco. Visitez notre site pour b\u00e9n\u00e9ficier de notre expertise.","breadcrumb":{"@id":"https:\/\/www.demefco.be\/fr\/services\/investisseur-immobilier\/immobilier-commercial\/#breadcrumb"},"inLanguage":"fr-BE","potentialAction":[{"@type":"ReadAction","target":["https:\/\/www.demefco.be\/fr\/services\/investisseur-immobilier\/immobilier-commercial\/"]}]},{"@type":"BreadcrumbList","@id":"https:\/\/www.demefco.be\/fr\/services\/investisseur-immobilier\/immobilier-commercial\/#breadcrumb","itemListElement":[{"@type":"ListItem","position":1,"name":"Start","item":"https:\/\/www.demefco.be\/fr\/"},{"@type":"ListItem","position":2,"name":"Services","item":"https:\/\/www.demefco.be\/fr\/services\/"},{"@type":"ListItem","position":3,"name":"INVESTISSEUR IMMOBILIER","item":"https:\/\/www.demefco.be\/fr\/services\/investisseur-immobilier\/"},{"@type":"ListItem","position":4,"name":"IMMOBILIER COMMERCIAL"}]},{"@type":"WebSite","@id":"https:\/\/www.demefco.be\/fr\/#website","url":"https:\/\/www.demefco.be\/fr\/","name":"Demefco Projectontwikkeling","description":"Demefco Projectontwikkeling","publisher":{"@id":"https:\/\/www.demefco.be\/fr\/#organization"},"potentialAction":[{"@type":"SearchAction","target":{"@type":"EntryPoint","urlTemplate":"https:\/\/www.demefco.be\/fr\/?s={search_term_string}"},"query-input":{"@type":"PropertyValueSpecification","valueRequired":true,"valueName":"search_term_string"}}],"inLanguage":"fr-BE"},{"@type":"Organization","@id":"https:\/\/www.demefco.be\/fr\/#organization","name":"Demefco","url":"https:\/\/www.demefco.be\/fr\/","logo":{"@type":"ImageObject","inLanguage":"fr-BE","@id":"https:\/\/www.demefco.be\/fr\/#\/schema\/logo\/image\/","url":"https:\/\/www.demefco.be\/wp-content\/uploads\/2021\/06\/logo.png","contentUrl":"https:\/\/www.demefco.be\/wp-content\/uploads\/2021\/06\/logo.png","width":170,"height":170,"caption":"Demefco"},"image":{"@id":"https:\/\/www.demefco.be\/fr\/#\/schema\/logo\/image\/"},"sameAs":["https:\/\/www.facebook.com\/demefco\/","https:\/\/x.com\/demefco","https:\/\/www.linkedin.com\/company\/demefco"]}]}},"_links":{"self":[{"href":"https:\/\/www.demefco.be\/fr\/wp-json\/wp\/v2\/pages\/610","targetHints":{"allow":["GET"]}}],"collection":[{"href":"https:\/\/www.demefco.be\/fr\/wp-json\/wp\/v2\/pages"}],"about":[{"href":"https:\/\/www.demefco.be\/fr\/wp-json\/wp\/v2\/types\/page"}],"author":[{"embeddable":true,"href":"https:\/\/www.demefco.be\/fr\/wp-json\/wp\/v2\/users\/1"}],"replies":[{"embeddable":true,"href":"https:\/\/www.demefco.be\/fr\/wp-json\/wp\/v2\/comments?post=610"}],"version-history":[{"count":3,"href":"https:\/\/www.demefco.be\/fr\/wp-json\/wp\/v2\/pages\/610\/revisions"}],"predecessor-version":[{"id":1341,"href":"https:\/\/www.demefco.be\/fr\/wp-json\/wp\/v2\/pages\/610\/revisions\/1341"}],"up":[{"embeddable":true,"href":"https:\/\/www.demefco.be\/fr\/wp-json\/wp\/v2\/pages\/612"}],"wp:attachment":[{"href":"https:\/\/www.demefco.be\/fr\/wp-json\/wp\/v2\/media?parent=610"}],"curies":[{"name":"wp","href":"https:\/\/api.w.org\/{rel}","templated":true}]}}