{"id":612,"date":"2021-06-22T12:17:11","date_gmt":"2021-06-22T10:17:11","guid":{"rendered":"https:\/\/www.demefco.be\/diensten\/investeerder-vastgoed\/"},"modified":"2023-11-20T17:07:47","modified_gmt":"2023-11-20T15:07:47","slug":"investisseur-immobilier","status":"publish","type":"page","link":"https:\/\/www.demefco.be\/fr\/services\/investisseur-immobilier\/","title":{"rendered":"INVESTISSEUR IMMOBILIER"},"content":{"rendered":"<h2>DEMEFCO ACH\u00c8TE DE L\u2019IMMOBILIER COMME INVESTISSEMENT<\/h2>\n<p>En tant qu&rsquo;investisseur immobilier, Demefco, une entreprise familiale, vise \u00e0 \u00e9tendre son patrimoine en investissant dans l&rsquo;immobilier.<\/p>\n<p>Nous recherchons toujours des projets int\u00e9ressants relatifs aux biens tels que :<\/p>\n<ul>\n<li><strong>Des projets immobiliers<\/strong>\u00a0que nous d\u00e9veloppons et\/ou r\u00e9partir en lots<\/li>\n<li><strong>Des immeubles \u00e0 d\u00e9molir\u00a0<\/strong>sur lequel\u00a0nous r\u00e9alisons un nouveau projet apr\u00e8s d\u00e9molition<\/li>\n<li><strong>Des maisons d&rsquo;\u00e9tudiant<\/strong>\u00a0que nous louons<\/li>\n<li><strong>Des immeubles \u00e0 appartements<\/strong>\u00a0\u00e0 r\u00e9nover ou \u00e0 louer<\/li>\n<li><strong>Des appartements et des maisons<\/strong>\u00a0\u00e0 r\u00e9nover ou \u00e0 louer<\/li>\n<li>\u00a0\u2026<\/li>\n<\/ul>\n<h2>NOTRE APPROCHE<\/h2>\n<p>Si vous souhaitez <a href=\"https:\/\/www.demefco.be\/fr\/services\/investir-dans-immobilier\/vendre-biens-immobiliers\/\">vendre un bien immobilier<\/a>, n&rsquo;h\u00e9sitez pas \u00e0 nous contacter. Notre approche efficace et r\u00e9solue nous diff\u00e9rencie des autres investisseurs immobiliers.<\/p>\n<p>Si votre bien ou votre terrain suscite notre int\u00e9r\u00eat, nous fixerons imm\u00e9diatement un <strong>rendez-vous<\/strong>\u00a0pour une visite de votre bien.<\/p>\n<p>Sur la base de la visite du site et de notre exp\u00e9rience, nous d\u00e9terminons la valeur du bien immobilier et\u00a0<strong>\u00e0 court terme<\/strong>, nous sommes capables de vous faire parvenir\u00a0<strong>une proposition<\/strong>\u00a0financi\u00e8re.<\/p>\n<p>Si notre offre vous int\u00e9resse, il est possible d&rsquo;\u00e9tablir\u00a0<strong>imm\u00e9diatement un contrat de vente<\/strong>\u00a0ensemble avec le paiement de l&rsquo;avance.<\/p>\n<p>L&rsquo;acte notari\u00e9 peut \u00eatre sign\u00e9 tr\u00e8s vite si vous le souhaitez.<\/p>\n<p><a href=\"https:\/\/www.demefco.be\/fr\/contact\/\"><button style=\"background-color: #2a70ab; border: 0px solid #2a70ab; color: white; display: inline-block; vertical-align: baseline; min-width: 220px; height: 50px; padding: 0px 30px; font-size: 14px; font-weight: 800; text-transform: uppercase; line-height: 42px; position: relative;\">Contactez-nous<\/button><\/a><\/p>\n<h2>PARTENAIRES<\/h2>\n<p>Pour les projets et les investissements immobiliers de plus grande taille, nous pouvons aussi faire appel \u00e0 un certain nombre de\u00a0<strong>partenaires<\/strong>\u00a0qui disposent de suffisamment de moyen financier.<\/p>\n<p>Souhaitez-vous investir? Alors n&rsquo;h\u00e9sitez pas \u00e0 nous contacter! Nous pouvons \u00e9galement vous tenir au courant de certains investissements int\u00e9ressants.<\/p>\n<h2>UN INVESTISSEMENT STABLE ET S\u00dbR<\/h2>\n<p>Investir dans l&rsquo;immobilier est l&rsquo;activit\u00e9 principale de Demefco. Nous faisons cela non seulement comme un gestionnaire des biens, mais aussi comme un promoteur de projet. En \u00e9tant un investisseur, nous avons des\u00a0<strong>possibilit\u00e9s int\u00e9ressantes<\/strong>\u00a0afin de vous rejoindre dans l&rsquo;un de nos projets comme\u00a0<strong>co-investisseur immobilier<\/strong>.<\/p>\n<p>L&rsquo;immobilier est consid\u00e9r\u00e9 comme\u00a0<strong>un investissement stable et s\u00fbr<\/strong>.\u00a0L&rsquo;investissement immobilier n&rsquo;entra\u00eene pas de danger. La valeur de votre investissement continue d&rsquo;augmenter, et en m\u00eame temps vous recevez des revenus locatifs. Un investissement r\u00e9fl\u00e9chi dans l&rsquo;immobilier vous garantit le rendement pr\u00e9vu. En choisissant un partenaire exp\u00e9riment\u00e9 comme Demefco &#8211; qui, par ailleurs, est principalement actif dans une r\u00e9gion \u00e9conomiquement forte, vous choisissez pour\u00a0<strong>l&rsquo;expertise et une haute \u00e9thique de l&#8217;emploi<\/strong>.<\/p>\n<p><a href=\"https:\/\/www.demefco.be\/fr\/contact\/\"><button style=\"background-color: #2a70ab; border: 0px solid #2a70ab; color: white; display: inline-block; vertical-align: baseline; min-width: 220px; height: 50px; padding: 0px 30px; font-size: 14px; font-weight: 800; text-transform: uppercase; line-height: 42px; position: relative;\">Contactez-nous<\/button><\/a><\/p>\n<h2>OFFRE PERMANENT DES PROJETS EN COURS<\/h2>\n<p>Demefco a reguli\u00e8rement de projets int\u00e9ressants en cours pour ceux qui veulent investir dans l&rsquo;immobilier. Nos projets sont adapt\u00e9s\u00a0<strong>\u00e0 tout type d&rsquo;investisseur immobilier<\/strong>. Ainsi, vous pouvez investir dans un appartement ou un rez-de-chauss\u00e9e commercial qui est r\u00e9alis\u00e9 par nos soins en tant que d\u00e9veloppeur de projet. Mais aussi si vous pr\u00e9f\u00e9rez faire part de l&rsquo;un de nos projets comme partenaire, nous serons heureux de vous rencontrer pour une entrevue.<\/p>\n<p>Pour nous, l&rsquo;immobilier est un investissement id\u00e9al pour \u00e9tendre notre patrimoine et de partager notre expertise avec vous. Voulez-vous investir dans l&rsquo;immobilier et voulez-vous savoir quels sont les avantages (fiscaux) ou comment vous devez s\u00e9lectionnez le projet qui r\u00e9pond le mieux \u00e0 vos besoins ? Alors, n&rsquo;h\u00e9sitez pas \u00e0\u00a0<a href=\"https:\/\/demefco.be\/fr\/contact\" target=\"_blank\" rel=\"noopener\">nous contacter<\/a>. Nous serons heureux de vous aider et aimerons vous expliquer notre approche ou vous donner un aper\u00e7u dans l&rsquo;un de nos projets en cours. Nous vous informons avec plaisir sur l&rsquo;investissement dans l&rsquo;immobilier.<br \/>\n<div class=\"wpforms-container contact-page-form\" id=\"wpforms-10\"><form id=\"wpforms-form-10\" class=\"wpforms-validate wpforms-form\" data-formid=\"10\" method=\"post\" enctype=\"multipart\/form-data\" action=\"\/fr\/wp-json\/wp\/v2\/pages\/612\" data-token=\"6e0d322889a47ff9e8fd25518913827d\" data-token-time=\"1776202235\"><noscript class=\"wpforms-error-noscript\">Veuillez activer JavaScript dans votre navigateur pour remplir ce formulaire.<\/noscript><div class=\"wpforms-field-container\"><div id=\"wpforms-10-field_6-container\" class=\"wpforms-field wpforms-field-name wpforms-one-half wpforms-first\" data-field-id=\"6\"><label class=\"wpforms-field-label wpforms-label-hide\" for=\"wpforms-10-field_6\">Pr\u00e9nom <span class=\"wpforms-required-label\">*<\/span><\/label><input type=\"text\" id=\"wpforms-10-field_6\" class=\"wpforms-field-large wpforms-field-required\" name=\"wpforms[fields][6]\" placeholder=\"Pr\u00e9nom\" required><\/div><div id=\"wpforms-10-field_7-container\" class=\"wpforms-field wpforms-field-name wpforms-one-half\" data-field-id=\"7\"><label class=\"wpforms-field-label wpforms-label-hide\" for=\"wpforms-10-field_7\">Nom de famille <span class=\"wpforms-required-label\">*<\/span><\/label><input type=\"text\" id=\"wpforms-10-field_7\" class=\"wpforms-field-large wpforms-field-required\" name=\"wpforms[fields][7]\" placeholder=\"Nom de famille\" required><\/div><div id=\"wpforms-10-field_1-container\" class=\"wpforms-field wpforms-field-email wpforms-one-half wpforms-first\" data-field-id=\"1\"><label class=\"wpforms-field-label wpforms-label-hide\" for=\"wpforms-10-field_1\">E-mail <span class=\"wpforms-required-label\">*<\/span><\/label><input type=\"email\" id=\"wpforms-10-field_1\" class=\"wpforms-field-large wpforms-field-required\" name=\"wpforms[fields][1]\" placeholder=\"E-mail\" spellcheck=\"false\" required><\/div><div id=\"wpforms-10-field_9-container\" class=\"wpforms-field wpforms-field-text wpforms-one-half\" data-field-id=\"9\"><label class=\"wpforms-field-label wpforms-label-hide\" for=\"wpforms-10-field_9\">T\u00e9l\u00e9phone<\/label><input type=\"text\" id=\"wpforms-10-field_9\" class=\"wpforms-field-large\" name=\"wpforms[fields][9]\" placeholder=\"T\u00e9l\u00e9phone\" ><\/div><div id=\"wpforms-10-field_2-container\" class=\"wpforms-field wpforms-field-textarea\" data-field-id=\"2\"><label class=\"wpforms-field-label wpforms-label-hide\" for=\"wpforms-10-field_2\">Commentaire ou message <span class=\"wpforms-required-label\">*<\/span><\/label><textarea id=\"wpforms-10-field_2\" class=\"wpforms-field-medium wpforms-field-required\" name=\"wpforms[fields][2]\" placeholder=\"Votre message\" required><\/textarea><\/div><div id=\"wpforms-10-field_4-container\" class=\"wpforms-field wpforms-field-html\" data-field-id=\"4\"><div id=\"wpforms-10-field_4\">Nous respectons votre <a href=\"https:\/\/www.demefco.be\/fr\/politique-de-confidentialite\/\" target=\"_blank\">confidentialit\u00e9<\/a>.<\/div><\/div><\/div><!-- .wpforms-field-container --><div class=\"wpforms-field wpforms-field-hp\"><label for=\"wpforms-10-field-hp\" class=\"wpforms-field-label\">Name<\/label><input type=\"text\" name=\"wpforms[hp]\" id=\"wpforms-10-field-hp\" class=\"wpforms-field-medium\"><\/div><div class=\"wpforms-submit-container\" ><input type=\"hidden\" name=\"wpforms[id]\" value=\"10\"><input type=\"hidden\" name=\"page_title\" value=\"\"><input type=\"hidden\" name=\"page_url\" value=\"https:\/\/www.demefco.be\/fr\/wp-json\/wp\/v2\/pages\/612\"><input type=\"hidden\" name=\"url_referer\" value=\"\"><button type=\"submit\" name=\"wpforms[submit]\" id=\"wpforms-submit-10\" class=\"wpforms-submit\" data-alt-text=\"Soumettre...\" data-submit-text=\"Soumettre\" aria-live=\"assertive\" value=\"wpforms-submit\">Soumettre<\/button><\/div><\/form><\/div>  <!-- .wpforms-container --><\/p>\n","protected":false},"excerpt":{"rendered":"<p>DEMEFCO ACH\u00c8TE DE L\u2019IMMOBILIER COMME INVESTISSEMENT En tant qu&rsquo;investisseur immobilier, Demefco, une entreprise familiale, vise \u00e0 \u00e9tendre son patrimoine en investissant dans l&rsquo;immobilier&#8230;.<\/p>\n","protected":false},"author":1,"featured_media":0,"parent":606,"menu_order":2,"comment_status":"closed","ping_status":"closed","template":"","meta":{"_acf_changed":false,"inline_featured_image":false,"footnotes":""},"class_list":["post-612","page","type-page","status-publish","hentry"],"acf":[],"yoast_head":"<!-- This site is optimized with the Yoast SEO plugin v27.0 - https:\/\/yoast.com\/product\/yoast-seo-wordpress\/ -->\n<title>INVESTISSEUR IMMOBILIER - Demefco Projectontwikkeling<\/title>\n<meta name=\"description\" content=\"Demefco, investisseur immobilier, cherche des propri\u00e9t\u00e9s \u00e0 acheter. Partenariat fiable pour un investissement s\u00fbr et rentable.\" \/>\n<meta name=\"robots\" content=\"index, follow, max-snippet:-1, max-image-preview:large, max-video-preview:-1\" \/>\n<link rel=\"canonical\" href=\"https:\/\/www.demefco.be\/fr\/services\/investisseur-immobilier\/\" \/>\n<meta property=\"og:locale\" content=\"fr_FR\" \/>\n<meta property=\"og:type\" content=\"article\" \/>\n<meta property=\"og:title\" content=\"INVESTISSEUR IMMOBILIER - Demefco Projectontwikkeling\" \/>\n<meta property=\"og:description\" content=\"Demefco, investisseur immobilier, cherche des propri\u00e9t\u00e9s \u00e0 acheter. Partenariat fiable pour un investissement s\u00fbr et rentable.\" \/>\n<meta property=\"og:url\" content=\"https:\/\/www.demefco.be\/fr\/services\/investisseur-immobilier\/\" \/>\n<meta property=\"og:site_name\" content=\"Demefco Projectontwikkeling\" \/>\n<meta property=\"article:publisher\" content=\"https:\/\/www.facebook.com\/demefco\/\" \/>\n<meta property=\"article:modified_time\" content=\"2023-11-20T15:07:47+00:00\" \/>\n<meta property=\"og:image\" content=\"https:\/\/www.demefco.be\/wp-content\/uploads\/2021\/06\/1.jpg\" \/>\n\t<meta property=\"og:image:width\" content=\"1920\" \/>\n\t<meta property=\"og:image:height\" content=\"870\" \/>\n\t<meta property=\"og:image:type\" content=\"image\/jpeg\" \/>\n<meta name=\"twitter:card\" content=\"summary_large_image\" \/>\n<meta name=\"twitter:site\" content=\"@demefco\" \/>\n<meta name=\"twitter:label1\" content=\"Dur\u00e9e de lecture est.\" \/>\n\t<meta name=\"twitter:data1\" content=\"3 minutes\" \/>\n<script type=\"application\/ld+json\" class=\"yoast-schema-graph\">{\"@context\":\"https:\/\/schema.org\",\"@graph\":[{\"@type\":\"WebPage\",\"@id\":\"https:\/\/www.demefco.be\/fr\/services\/investisseur-immobilier\/\",\"url\":\"https:\/\/www.demefco.be\/fr\/services\/investisseur-immobilier\/\",\"name\":\"INVESTISSEUR IMMOBILIER - Demefco Projectontwikkeling\",\"isPartOf\":{\"@id\":\"https:\/\/www.demefco.be\/fr\/#website\"},\"datePublished\":\"2021-06-22T10:17:11+00:00\",\"dateModified\":\"2023-11-20T15:07:47+00:00\",\"description\":\"Demefco, investisseur immobilier, cherche des propri\u00e9t\u00e9s \u00e0 acheter. Partenariat fiable pour un investissement s\u00fbr et rentable.\",\"breadcrumb\":{\"@id\":\"https:\/\/www.demefco.be\/fr\/services\/investisseur-immobilier\/#breadcrumb\"},\"inLanguage\":\"fr-BE\",\"potentialAction\":[{\"@type\":\"ReadAction\",\"target\":[\"https:\/\/www.demefco.be\/fr\/services\/investisseur-immobilier\/\"]}]},{\"@type\":\"BreadcrumbList\",\"@id\":\"https:\/\/www.demefco.be\/fr\/services\/investisseur-immobilier\/#breadcrumb\",\"itemListElement\":[{\"@type\":\"ListItem\",\"position\":1,\"name\":\"Start\",\"item\":\"https:\/\/www.demefco.be\/fr\/\"},{\"@type\":\"ListItem\",\"position\":2,\"name\":\"Services\",\"item\":\"https:\/\/www.demefco.be\/fr\/services\/\"},{\"@type\":\"ListItem\",\"position\":3,\"name\":\"INVESTISSEUR IMMOBILIER\"}]},{\"@type\":\"WebSite\",\"@id\":\"https:\/\/www.demefco.be\/fr\/#website\",\"url\":\"https:\/\/www.demefco.be\/fr\/\",\"name\":\"Demefco Projectontwikkeling\",\"description\":\"Demefco Projectontwikkeling\",\"publisher\":{\"@id\":\"https:\/\/www.demefco.be\/fr\/#organization\"},\"potentialAction\":[{\"@type\":\"SearchAction\",\"target\":{\"@type\":\"EntryPoint\",\"urlTemplate\":\"https:\/\/www.demefco.be\/fr\/?s={search_term_string}\"},\"query-input\":{\"@type\":\"PropertyValueSpecification\",\"valueRequired\":true,\"valueName\":\"search_term_string\"}}],\"inLanguage\":\"fr-BE\"},{\"@type\":\"Organization\",\"@id\":\"https:\/\/www.demefco.be\/fr\/#organization\",\"name\":\"Demefco\",\"url\":\"https:\/\/www.demefco.be\/fr\/\",\"logo\":{\"@type\":\"ImageObject\",\"inLanguage\":\"fr-BE\",\"@id\":\"https:\/\/www.demefco.be\/fr\/#\/schema\/logo\/image\/\",\"url\":\"https:\/\/www.demefco.be\/wp-content\/uploads\/2021\/06\/logo.png\",\"contentUrl\":\"https:\/\/www.demefco.be\/wp-content\/uploads\/2021\/06\/logo.png\",\"width\":170,\"height\":170,\"caption\":\"Demefco\"},\"image\":{\"@id\":\"https:\/\/www.demefco.be\/fr\/#\/schema\/logo\/image\/\"},\"sameAs\":[\"https:\/\/www.facebook.com\/demefco\/\",\"https:\/\/x.com\/demefco\",\"https:\/\/www.linkedin.com\/company\/demefco\"]}]}<\/script>\n<!-- \/ Yoast SEO plugin. -->","yoast_head_json":{"title":"INVESTISSEUR IMMOBILIER - Demefco Projectontwikkeling","description":"Demefco, investisseur immobilier, cherche des propri\u00e9t\u00e9s \u00e0 acheter. Partenariat fiable pour un investissement s\u00fbr et rentable.","robots":{"index":"index","follow":"follow","max-snippet":"max-snippet:-1","max-image-preview":"max-image-preview:large","max-video-preview":"max-video-preview:-1"},"canonical":"https:\/\/www.demefco.be\/fr\/services\/investisseur-immobilier\/","og_locale":"fr_FR","og_type":"article","og_title":"INVESTISSEUR IMMOBILIER - Demefco Projectontwikkeling","og_description":"Demefco, investisseur immobilier, cherche des propri\u00e9t\u00e9s \u00e0 acheter. Partenariat fiable pour un investissement s\u00fbr et rentable.","og_url":"https:\/\/www.demefco.be\/fr\/services\/investisseur-immobilier\/","og_site_name":"Demefco Projectontwikkeling","article_publisher":"https:\/\/www.facebook.com\/demefco\/","article_modified_time":"2023-11-20T15:07:47+00:00","og_image":[{"width":1920,"height":870,"url":"https:\/\/www.demefco.be\/wp-content\/uploads\/2021\/06\/1.jpg","type":"image\/jpeg"}],"twitter_card":"summary_large_image","twitter_site":"@demefco","twitter_misc":{"Dur\u00e9e de lecture est.":"3 minutes"},"schema":{"@context":"https:\/\/schema.org","@graph":[{"@type":"WebPage","@id":"https:\/\/www.demefco.be\/fr\/services\/investisseur-immobilier\/","url":"https:\/\/www.demefco.be\/fr\/services\/investisseur-immobilier\/","name":"INVESTISSEUR IMMOBILIER - Demefco Projectontwikkeling","isPartOf":{"@id":"https:\/\/www.demefco.be\/fr\/#website"},"datePublished":"2021-06-22T10:17:11+00:00","dateModified":"2023-11-20T15:07:47+00:00","description":"Demefco, investisseur immobilier, cherche des propri\u00e9t\u00e9s \u00e0 acheter. Partenariat fiable pour un investissement s\u00fbr et rentable.","breadcrumb":{"@id":"https:\/\/www.demefco.be\/fr\/services\/investisseur-immobilier\/#breadcrumb"},"inLanguage":"fr-BE","potentialAction":[{"@type":"ReadAction","target":["https:\/\/www.demefco.be\/fr\/services\/investisseur-immobilier\/"]}]},{"@type":"BreadcrumbList","@id":"https:\/\/www.demefco.be\/fr\/services\/investisseur-immobilier\/#breadcrumb","itemListElement":[{"@type":"ListItem","position":1,"name":"Start","item":"https:\/\/www.demefco.be\/fr\/"},{"@type":"ListItem","position":2,"name":"Services","item":"https:\/\/www.demefco.be\/fr\/services\/"},{"@type":"ListItem","position":3,"name":"INVESTISSEUR IMMOBILIER"}]},{"@type":"WebSite","@id":"https:\/\/www.demefco.be\/fr\/#website","url":"https:\/\/www.demefco.be\/fr\/","name":"Demefco Projectontwikkeling","description":"Demefco Projectontwikkeling","publisher":{"@id":"https:\/\/www.demefco.be\/fr\/#organization"},"potentialAction":[{"@type":"SearchAction","target":{"@type":"EntryPoint","urlTemplate":"https:\/\/www.demefco.be\/fr\/?s={search_term_string}"},"query-input":{"@type":"PropertyValueSpecification","valueRequired":true,"valueName":"search_term_string"}}],"inLanguage":"fr-BE"},{"@type":"Organization","@id":"https:\/\/www.demefco.be\/fr\/#organization","name":"Demefco","url":"https:\/\/www.demefco.be\/fr\/","logo":{"@type":"ImageObject","inLanguage":"fr-BE","@id":"https:\/\/www.demefco.be\/fr\/#\/schema\/logo\/image\/","url":"https:\/\/www.demefco.be\/wp-content\/uploads\/2021\/06\/logo.png","contentUrl":"https:\/\/www.demefco.be\/wp-content\/uploads\/2021\/06\/logo.png","width":170,"height":170,"caption":"Demefco"},"image":{"@id":"https:\/\/www.demefco.be\/fr\/#\/schema\/logo\/image\/"},"sameAs":["https:\/\/www.facebook.com\/demefco\/","https:\/\/x.com\/demefco","https:\/\/www.linkedin.com\/company\/demefco"]}]}},"_links":{"self":[{"href":"https:\/\/www.demefco.be\/fr\/wp-json\/wp\/v2\/pages\/612","targetHints":{"allow":["GET"]}}],"collection":[{"href":"https:\/\/www.demefco.be\/fr\/wp-json\/wp\/v2\/pages"}],"about":[{"href":"https:\/\/www.demefco.be\/fr\/wp-json\/wp\/v2\/types\/page"}],"author":[{"embeddable":true,"href":"https:\/\/www.demefco.be\/fr\/wp-json\/wp\/v2\/users\/1"}],"replies":[{"embeddable":true,"href":"https:\/\/www.demefco.be\/fr\/wp-json\/wp\/v2\/comments?post=612"}],"version-history":[{"count":5,"href":"https:\/\/www.demefco.be\/fr\/wp-json\/wp\/v2\/pages\/612\/revisions"}],"predecessor-version":[{"id":1339,"href":"https:\/\/www.demefco.be\/fr\/wp-json\/wp\/v2\/pages\/612\/revisions\/1339"}],"up":[{"embeddable":true,"href":"https:\/\/www.demefco.be\/fr\/wp-json\/wp\/v2\/pages\/606"}],"wp:attachment":[{"href":"https:\/\/www.demefco.be\/fr\/wp-json\/wp\/v2\/media?parent=612"}],"curies":[{"name":"wp","href":"https:\/\/api.w.org\/{rel}","templated":true}]}}