{"id":620,"date":"2021-06-22T12:19:57","date_gmt":"2021-06-22T10:19:57","guid":{"rendered":"https:\/\/www.demefco.be\/diensten\/projectontwikkelaar\/"},"modified":"2023-07-18T14:57:37","modified_gmt":"2023-07-18T12:57:37","slug":"promoteur-immobilier","status":"publish","type":"page","link":"https:\/\/www.demefco.be\/fr\/services\/promoteur-immobilier\/","title":{"rendered":"Promoteur immobilier"},"content":{"rendered":"<h2>G\u00c9RANT DES BIENS IMMOBILIERS ET PROMOTEUR IMMOBILIER<\/h2>\n<p>Demefco est\u00a0<strong>une entreprise familiale<\/strong>\u00a0qui investit dans l&rsquo;immobilier. Nous le faisons tant comme\u00a0<strong>gestionnaire de biens immobiliers<\/strong>\u00a0afin d&rsquo;\u00e9largir notre patrimoine immobilier que comme\u00a0<strong>promoteur immobilier<\/strong>. Nous g\u00e9rons par exemple de plusieurs immeubles d&rsquo;habitation, des maisons d&rsquo;\u00e9tudiant et des maisons initialement achet\u00e9es et modernis\u00e9es par nous et qui sont mises en location apr\u00e8s.<\/p>\n<p><a href=\"https:\/\/www.demefco.be\/fr\/contact\/\"><button style=\"background-color: #2a70ab; border: 0px solid #2a70ab; color: white; display: inline-block; vertical-align: baseline; min-width: 220px; height: 50px; padding: 0px 30px; font-size: 14px; font-weight: 800; text-transform: uppercase; line-height: 42px; position: relative;\">Contactez-nous<\/button><\/a><\/p>\n<h2>ENTREPRISE STABLE AVEC UN FORT DYNAMISME<\/h2>\n<p>En \u00e9tant promoteur immobilier, nous recherchons en permanence\u00a0<strong>des projets de d\u00e9molition<\/strong>\u00a0afin de r\u00e9aliser un nouveau projet \u00e0 cet emplacement ou\u00a0<strong>des projets immobiliers<\/strong>\u00a0afin de les d\u00e9velopper ou repartir en lots.<\/p>\n<p>La combinaison de\u00a0<strong>la gestion des biens immobiliers \u00e0 long terme et des nouveaux projets de constructions ou de projets de r\u00e9novation pour une vente directe<\/strong>, cr\u00e9e une dynamique unique au sein de notre soci\u00e9t\u00e9. Une dynamique qui est remarqu\u00e9e par nos partenaires qui aiment aussi investir dans nos diff\u00e9rents projets.<\/p>\n<p>Nous sommes\u00a0<strong>une compagnie stable<\/strong>\u00a0dans un secteur \u00e0 faible rique. Notre domaine d&rsquo;activit\u00e9 principal est situ\u00e9 \u00e0 Bruxelles et dans les provinces Brabant flamand et wallon. Mais chaque projet immobilier int\u00e9ressant m\u00e9rite notre int\u00e9r\u00eat, m\u00eame en dehors de notre r\u00e9gion de confiance.<\/p>\n<h2>ANN\u00c9ES D\u2019EXPERTISE<\/h2>\n<p>Demefco a\u00a0<strong>une expertise extraordinaire<\/strong>, gr\u00e2ce \u00e0 de plusieurs ann\u00e9es d&rsquo;exp\u00e9rience dans la gestion de biens immobiliers, <a href=\"https:\/\/www.demefco.be\/fr\/services\/acquisition-societe-patrimoniale\/\">la construction d&rsquo;un patrimoine immobilier<\/a> et le d\u00e9veloppement de nombreux projets de qualit\u00e9 de construction et de r\u00e9novation. Nos r\u00e9alisations r\u00e9pondent aux besoins actuels du march\u00e9 immobilier. Notre\u00a0<strong>connaissance approfondie du secteur<\/strong>\u00a0comme promoteur du projet, combin\u00e9e avec une haute qualit\u00e9 de finition, fait que nos <a href=\"https:\/\/www.demefco.be\/fr\/services\/promoteur-immobilier\/promotion-immobiliere\/\">projets immobiliers<\/a> sont toujours un grand succ\u00e8s.<\/p>\n<p><a href=\"https:\/\/www.demefco.be\/fr\/contact\/\"><button style=\"background-color: #2a70ab; border: 0px solid #2a70ab; color: white; display: inline-block; vertical-align: baseline; min-width: 220px; height: 50px; padding: 0px 30px; font-size: 14px; font-weight: 800; text-transform: uppercase; line-height: 42px; position: relative;\">Contactez-nous<\/button><\/a><\/p>\n<h2>PRIORIT\u00c9 FIX\u00c9E POUR LES NOUVELLES CONSTRUCTIONS ET CELLES DE R\u00c9NOVATION<\/h2>\n<p>Comme promoteur immobilier, nous avons\u00a0<strong>de nouveaux projets de construction, mais aussi de r\u00e9novations<\/strong>\u00a0des b\u00e2timents r\u00e9sidentiels, des bureaux et des terrains commer\u00e7ants, ainsi que d&rsquo;usage mixte. Nous attachons non seulement de l&rsquo;attention au\u00a0<strong>succ\u00e8s commercial et technique<\/strong>\u00a0de nos r\u00e9alisations, mais aussi \u00e0 leur\u00a0<strong>int\u00e9gration visuelle<\/strong>\u00a0dans leur environnement. Nous sommes de grands partisans de\u00a0<strong>la r\u00e9novation urbaine<\/strong>\u00a0et du\u00a0<strong>d\u00e9veloppement durable<\/strong>\u00a0et chaque projet est r\u00e9alis\u00e9 avec les besoins et le confort de l&rsquo;utilisateur final \u00e0 l&rsquo;esprit, mais aussi avec la notion de respect de l&rsquo;\u00e9nergie et de l&rsquo;environnement.<\/p>\n<p>Notre \u00e9quipe dynamique et exp\u00e9riment\u00e9 travaille chaque jour pour r\u00e9aliser\u00a0<strong>des projets accessibles et repr\u00e9sentatifs<\/strong>, qui offrent une v\u00e9ritable valeur ajout\u00e9e pour leur quartier et leurs r\u00e9sidents. Nous vous tenons au courant de nos projets en cours et\/ou des possibilit\u00e9s pour investir dans l&rsquo;immobilier.<\/p>\n<div class=\"wpforms-container contact-page-form\" id=\"wpforms-10\"><form id=\"wpforms-form-10\" class=\"wpforms-validate wpforms-form\" data-formid=\"10\" method=\"post\" enctype=\"multipart\/form-data\" action=\"\/fr\/wp-json\/wp\/v2\/pages\/620\" data-token=\"accac9bc3e91266b8a2392840381a37a\" data-token-time=\"1776761280\"><noscript class=\"wpforms-error-noscript\">Veuillez activer JavaScript dans votre navigateur pour remplir ce formulaire.<\/noscript><div class=\"wpforms-field-container\"><div id=\"wpforms-10-field_6-container\" class=\"wpforms-field wpforms-field-name wpforms-one-half wpforms-first\" data-field-id=\"6\"><label class=\"wpforms-field-label wpforms-label-hide\" for=\"wpforms-10-field_6\">Pr\u00e9nom <span class=\"wpforms-required-label\">*<\/span><\/label><input type=\"text\" id=\"wpforms-10-field_6\" class=\"wpforms-field-large wpforms-field-required\" name=\"wpforms[fields][6]\" placeholder=\"Pr\u00e9nom\" required><\/div><div id=\"wpforms-10-field_7-container\" class=\"wpforms-field wpforms-field-name wpforms-one-half\" data-field-id=\"7\"><label class=\"wpforms-field-label wpforms-label-hide\" for=\"wpforms-10-field_7\">Nom de famille <span class=\"wpforms-required-label\">*<\/span><\/label><input type=\"text\" id=\"wpforms-10-field_7\" class=\"wpforms-field-large wpforms-field-required\" name=\"wpforms[fields][7]\" placeholder=\"Nom de famille\" required><\/div><div id=\"wpforms-10-field_1-container\" class=\"wpforms-field wpforms-field-email wpforms-one-half wpforms-first\" data-field-id=\"1\"><label class=\"wpforms-field-label wpforms-label-hide\" for=\"wpforms-10-field_1\">E-mail <span class=\"wpforms-required-label\">*<\/span><\/label><input type=\"email\" id=\"wpforms-10-field_1\" class=\"wpforms-field-large wpforms-field-required\" name=\"wpforms[fields][1]\" placeholder=\"E-mail\" spellcheck=\"false\" required><\/div><div id=\"wpforms-10-field_9-container\" class=\"wpforms-field wpforms-field-text wpforms-one-half\" data-field-id=\"9\"><label class=\"wpforms-field-label wpforms-label-hide\" for=\"wpforms-10-field_9\">T\u00e9l\u00e9phone<\/label><input type=\"text\" id=\"wpforms-10-field_9\" class=\"wpforms-field-large\" name=\"wpforms[fields][9]\" placeholder=\"T\u00e9l\u00e9phone\" ><\/div><div id=\"wpforms-10-field_2-container\" class=\"wpforms-field wpforms-field-textarea\" data-field-id=\"2\"><label class=\"wpforms-field-label wpforms-label-hide\" for=\"wpforms-10-field_2\">Commentaire ou message <span class=\"wpforms-required-label\">*<\/span><\/label><textarea id=\"wpforms-10-field_2\" class=\"wpforms-field-medium wpforms-field-required\" name=\"wpforms[fields][2]\" placeholder=\"Votre message\" required><\/textarea><\/div><div id=\"wpforms-10-field_4-container\" class=\"wpforms-field wpforms-field-html\" data-field-id=\"4\"><div id=\"wpforms-10-field_4\">Nous respectons votre <a href=\"https:\/\/www.demefco.be\/fr\/politique-de-confidentialite\/\" target=\"_blank\">confidentialit\u00e9<\/a>.<\/div><\/div><\/div><!-- .wpforms-field-container --><div class=\"wpforms-field wpforms-field-hp\"><label for=\"wpforms-10-field-hp\" class=\"wpforms-field-label\">Email<\/label><input type=\"text\" name=\"wpforms[hp]\" id=\"wpforms-10-field-hp\" class=\"wpforms-field-medium\"><\/div><div class=\"wpforms-submit-container\" ><input type=\"hidden\" name=\"wpforms[id]\" value=\"10\"><input type=\"hidden\" name=\"page_title\" value=\"\"><input type=\"hidden\" name=\"page_url\" value=\"https:\/\/www.demefco.be\/fr\/wp-json\/wp\/v2\/pages\/620\"><input type=\"hidden\" name=\"url_referer\" value=\"\"><button type=\"submit\" name=\"wpforms[submit]\" id=\"wpforms-submit-10\" class=\"wpforms-submit\" data-alt-text=\"Soumettre...\" data-submit-text=\"Soumettre\" aria-live=\"assertive\" value=\"wpforms-submit\">Soumettre<\/button><\/div><\/form><\/div>  <!-- .wpforms-container -->\n","protected":false},"excerpt":{"rendered":"<p>G\u00c9RANT DES BIENS IMMOBILIERS ET PROMOTEUR IMMOBILIER Demefco est\u00a0une entreprise familiale\u00a0qui investit dans l&rsquo;immobilier. Nous le faisons tant comme\u00a0gestionnaire de biens immobiliers\u00a0afin d&rsquo;\u00e9largir&#8230;<\/p>\n","protected":false},"author":1,"featured_media":0,"parent":606,"menu_order":1,"comment_status":"closed","ping_status":"closed","template":"","meta":{"_acf_changed":false,"inline_featured_image":false,"footnotes":""},"class_list":["post-620","page","type-page","status-publish","hentry"],"acf":[],"yoast_head":"<!-- This site is optimized with the Yoast SEO plugin v27.0 - https:\/\/yoast.com\/product\/yoast-seo-wordpress\/ -->\n<title>Promoteur immobilier - Demefco - Promoteur immobili\u00e8re<\/title>\n<meta name=\"description\" content=\"Demefco est un promoteur immobilier qui investit dans l&#039;immobilier. Nous op\u00e9rons en tant que gestionnaire et promoteur immobilier.\" \/>\n<meta name=\"robots\" content=\"index, follow, max-snippet:-1, max-image-preview:large, max-video-preview:-1\" \/>\n<link rel=\"canonical\" href=\"https:\/\/www.demefco.be\/fr\/services\/promoteur-immobilier\/\" \/>\n<meta property=\"og:locale\" content=\"fr_FR\" \/>\n<meta property=\"og:type\" content=\"article\" \/>\n<meta property=\"og:title\" content=\"Promoteur immobilier - Demefco - Promoteur immobili\u00e8re\" \/>\n<meta property=\"og:description\" content=\"Demefco est un promoteur immobilier qui investit dans l&#039;immobilier. Nous op\u00e9rons en tant que gestionnaire et promoteur immobilier.\" \/>\n<meta property=\"og:url\" content=\"https:\/\/www.demefco.be\/fr\/services\/promoteur-immobilier\/\" \/>\n<meta property=\"og:site_name\" content=\"Demefco Projectontwikkeling\" \/>\n<meta property=\"article:publisher\" content=\"https:\/\/www.facebook.com\/demefco\/\" \/>\n<meta property=\"article:modified_time\" content=\"2023-07-18T12:57:37+00:00\" \/>\n<meta property=\"og:image\" content=\"https:\/\/www.demefco.be\/wp-content\/uploads\/2021\/06\/1.jpg\" \/>\n\t<meta property=\"og:image:width\" content=\"1920\" \/>\n\t<meta property=\"og:image:height\" content=\"870\" \/>\n\t<meta property=\"og:image:type\" content=\"image\/jpeg\" \/>\n<meta name=\"twitter:card\" content=\"summary_large_image\" \/>\n<meta name=\"twitter:site\" content=\"@demefco\" \/>\n<meta name=\"twitter:label1\" content=\"Dur\u00e9e de lecture est.\" \/>\n\t<meta name=\"twitter:data1\" content=\"2 minutes\" \/>\n<script type=\"application\/ld+json\" class=\"yoast-schema-graph\">{\"@context\":\"https:\/\/schema.org\",\"@graph\":[{\"@type\":\"WebPage\",\"@id\":\"https:\/\/www.demefco.be\/fr\/services\/promoteur-immobilier\/\",\"url\":\"https:\/\/www.demefco.be\/fr\/services\/promoteur-immobilier\/\",\"name\":\"Promoteur immobilier - Demefco - Promoteur immobili\u00e8re\",\"isPartOf\":{\"@id\":\"https:\/\/www.demefco.be\/fr\/#website\"},\"datePublished\":\"2021-06-22T10:19:57+00:00\",\"dateModified\":\"2023-07-18T12:57:37+00:00\",\"description\":\"Demefco est un promoteur immobilier qui investit dans l'immobilier. Nous op\u00e9rons en tant que gestionnaire et promoteur immobilier.\",\"breadcrumb\":{\"@id\":\"https:\/\/www.demefco.be\/fr\/services\/promoteur-immobilier\/#breadcrumb\"},\"inLanguage\":\"fr-BE\",\"potentialAction\":[{\"@type\":\"ReadAction\",\"target\":[\"https:\/\/www.demefco.be\/fr\/services\/promoteur-immobilier\/\"]}]},{\"@type\":\"BreadcrumbList\",\"@id\":\"https:\/\/www.demefco.be\/fr\/services\/promoteur-immobilier\/#breadcrumb\",\"itemListElement\":[{\"@type\":\"ListItem\",\"position\":1,\"name\":\"Start\",\"item\":\"https:\/\/www.demefco.be\/fr\/\"},{\"@type\":\"ListItem\",\"position\":2,\"name\":\"Services\",\"item\":\"https:\/\/www.demefco.be\/fr\/services\/\"},{\"@type\":\"ListItem\",\"position\":3,\"name\":\"Promoteur immobilier\"}]},{\"@type\":\"WebSite\",\"@id\":\"https:\/\/www.demefco.be\/fr\/#website\",\"url\":\"https:\/\/www.demefco.be\/fr\/\",\"name\":\"Demefco Projectontwikkeling\",\"description\":\"Demefco Projectontwikkeling\",\"publisher\":{\"@id\":\"https:\/\/www.demefco.be\/fr\/#organization\"},\"potentialAction\":[{\"@type\":\"SearchAction\",\"target\":{\"@type\":\"EntryPoint\",\"urlTemplate\":\"https:\/\/www.demefco.be\/fr\/?s={search_term_string}\"},\"query-input\":{\"@type\":\"PropertyValueSpecification\",\"valueRequired\":true,\"valueName\":\"search_term_string\"}}],\"inLanguage\":\"fr-BE\"},{\"@type\":\"Organization\",\"@id\":\"https:\/\/www.demefco.be\/fr\/#organization\",\"name\":\"Demefco\",\"url\":\"https:\/\/www.demefco.be\/fr\/\",\"logo\":{\"@type\":\"ImageObject\",\"inLanguage\":\"fr-BE\",\"@id\":\"https:\/\/www.demefco.be\/fr\/#\/schema\/logo\/image\/\",\"url\":\"https:\/\/www.demefco.be\/wp-content\/uploads\/2021\/06\/logo.png\",\"contentUrl\":\"https:\/\/www.demefco.be\/wp-content\/uploads\/2021\/06\/logo.png\",\"width\":170,\"height\":170,\"caption\":\"Demefco\"},\"image\":{\"@id\":\"https:\/\/www.demefco.be\/fr\/#\/schema\/logo\/image\/\"},\"sameAs\":[\"https:\/\/www.facebook.com\/demefco\/\",\"https:\/\/x.com\/demefco\",\"https:\/\/www.linkedin.com\/company\/demefco\"]}]}<\/script>\n<!-- \/ Yoast SEO plugin. -->","yoast_head_json":{"title":"Promoteur immobilier - Demefco - Promoteur immobili\u00e8re","description":"Demefco est un promoteur immobilier qui investit dans l'immobilier. Nous op\u00e9rons en tant que gestionnaire et promoteur immobilier.","robots":{"index":"index","follow":"follow","max-snippet":"max-snippet:-1","max-image-preview":"max-image-preview:large","max-video-preview":"max-video-preview:-1"},"canonical":"https:\/\/www.demefco.be\/fr\/services\/promoteur-immobilier\/","og_locale":"fr_FR","og_type":"article","og_title":"Promoteur immobilier - Demefco - Promoteur immobili\u00e8re","og_description":"Demefco est un promoteur immobilier qui investit dans l'immobilier. Nous op\u00e9rons en tant que gestionnaire et promoteur immobilier.","og_url":"https:\/\/www.demefco.be\/fr\/services\/promoteur-immobilier\/","og_site_name":"Demefco Projectontwikkeling","article_publisher":"https:\/\/www.facebook.com\/demefco\/","article_modified_time":"2023-07-18T12:57:37+00:00","og_image":[{"width":1920,"height":870,"url":"https:\/\/www.demefco.be\/wp-content\/uploads\/2021\/06\/1.jpg","type":"image\/jpeg"}],"twitter_card":"summary_large_image","twitter_site":"@demefco","twitter_misc":{"Dur\u00e9e de lecture est.":"2 minutes"},"schema":{"@context":"https:\/\/schema.org","@graph":[{"@type":"WebPage","@id":"https:\/\/www.demefco.be\/fr\/services\/promoteur-immobilier\/","url":"https:\/\/www.demefco.be\/fr\/services\/promoteur-immobilier\/","name":"Promoteur immobilier - Demefco - Promoteur immobili\u00e8re","isPartOf":{"@id":"https:\/\/www.demefco.be\/fr\/#website"},"datePublished":"2021-06-22T10:19:57+00:00","dateModified":"2023-07-18T12:57:37+00:00","description":"Demefco est un promoteur immobilier qui investit dans l'immobilier. Nous op\u00e9rons en tant que gestionnaire et promoteur immobilier.","breadcrumb":{"@id":"https:\/\/www.demefco.be\/fr\/services\/promoteur-immobilier\/#breadcrumb"},"inLanguage":"fr-BE","potentialAction":[{"@type":"ReadAction","target":["https:\/\/www.demefco.be\/fr\/services\/promoteur-immobilier\/"]}]},{"@type":"BreadcrumbList","@id":"https:\/\/www.demefco.be\/fr\/services\/promoteur-immobilier\/#breadcrumb","itemListElement":[{"@type":"ListItem","position":1,"name":"Start","item":"https:\/\/www.demefco.be\/fr\/"},{"@type":"ListItem","position":2,"name":"Services","item":"https:\/\/www.demefco.be\/fr\/services\/"},{"@type":"ListItem","position":3,"name":"Promoteur immobilier"}]},{"@type":"WebSite","@id":"https:\/\/www.demefco.be\/fr\/#website","url":"https:\/\/www.demefco.be\/fr\/","name":"Demefco Projectontwikkeling","description":"Demefco Projectontwikkeling","publisher":{"@id":"https:\/\/www.demefco.be\/fr\/#organization"},"potentialAction":[{"@type":"SearchAction","target":{"@type":"EntryPoint","urlTemplate":"https:\/\/www.demefco.be\/fr\/?s={search_term_string}"},"query-input":{"@type":"PropertyValueSpecification","valueRequired":true,"valueName":"search_term_string"}}],"inLanguage":"fr-BE"},{"@type":"Organization","@id":"https:\/\/www.demefco.be\/fr\/#organization","name":"Demefco","url":"https:\/\/www.demefco.be\/fr\/","logo":{"@type":"ImageObject","inLanguage":"fr-BE","@id":"https:\/\/www.demefco.be\/fr\/#\/schema\/logo\/image\/","url":"https:\/\/www.demefco.be\/wp-content\/uploads\/2021\/06\/logo.png","contentUrl":"https:\/\/www.demefco.be\/wp-content\/uploads\/2021\/06\/logo.png","width":170,"height":170,"caption":"Demefco"},"image":{"@id":"https:\/\/www.demefco.be\/fr\/#\/schema\/logo\/image\/"},"sameAs":["https:\/\/www.facebook.com\/demefco\/","https:\/\/x.com\/demefco","https:\/\/www.linkedin.com\/company\/demefco"]}]}},"_links":{"self":[{"href":"https:\/\/www.demefco.be\/fr\/wp-json\/wp\/v2\/pages\/620","targetHints":{"allow":["GET"]}}],"collection":[{"href":"https:\/\/www.demefco.be\/fr\/wp-json\/wp\/v2\/pages"}],"about":[{"href":"https:\/\/www.demefco.be\/fr\/wp-json\/wp\/v2\/types\/page"}],"author":[{"embeddable":true,"href":"https:\/\/www.demefco.be\/fr\/wp-json\/wp\/v2\/users\/1"}],"replies":[{"embeddable":true,"href":"https:\/\/www.demefco.be\/fr\/wp-json\/wp\/v2\/comments?post=620"}],"version-history":[{"count":4,"href":"https:\/\/www.demefco.be\/fr\/wp-json\/wp\/v2\/pages\/620\/revisions"}],"predecessor-version":[{"id":1304,"href":"https:\/\/www.demefco.be\/fr\/wp-json\/wp\/v2\/pages\/620\/revisions\/1304"}],"up":[{"embeddable":true,"href":"https:\/\/www.demefco.be\/fr\/wp-json\/wp\/v2\/pages\/606"}],"wp:attachment":[{"href":"https:\/\/www.demefco.be\/fr\/wp-json\/wp\/v2\/media?parent=620"}],"curies":[{"name":"wp","href":"https:\/\/api.w.org\/{rel}","templated":true}]}}