{"id":632,"date":"2021-06-22T12:16:35","date_gmt":"2021-06-22T10:16:35","guid":{"rendered":"https:\/\/www.demefco.be\/over-demefco\/ik-ben-investeerder\/"},"modified":"2023-11-20T15:18:12","modified_gmt":"2023-11-20T13:18:12","slug":"je-suis-un-investisseur","status":"publish","type":"page","link":"https:\/\/www.demefco.be\/fr\/sur-demefco\/je-suis-un-investisseur\/","title":{"rendered":"JE SUIS UN INVESTISSEUR"},"content":{"rendered":"<h2>AIMEZ-VOUS INVESTIR DANS UN PROJET IMMOBILIER?<\/h2>\n<p>\u00cates-vous un investisseur \u00e0 la recherche d&rsquo;opportunit\u00e9s int\u00e9ressantes pour placer votre argent? Nous d\u00e9veloppons constamment notre portefeuille immobilier et vous pouvez en faire partie. Vous pouvez prendre le terme \u00ab\u00a0construire\u00a0\u00bb au pied de la lettre, car en plus d&rsquo;<a href=\"https:\/\/www.demefco.be\/fr\/services\/investir-dans-immobilier\/\">investir dans l&rsquo;immobilier<\/a>, Demefco <a href=\"https:\/\/www.demefco.be\/fr\/services\/promoteur-immobilier\/\">d\u00e9veloppe \u00e9galement des projets<\/a>.<\/p>\n<p>Pour les grands projets immobiliers, nous aimons travailler avec d&rsquo;autres investisseurs. C&rsquo;est pourquoi nous recherchons des investisseurs passionn\u00e9s qui disposent de<strong> la force financi\u00e8re n\u00e9cessaire<\/strong> pour r\u00e9aliser ensemble<strong> des projets de premier plan<\/strong>. Nous souhaitons nous associer \u00e0 des personnes qui, comme nous, sont passionn\u00e9es par les projets immobiliers. Des personnes comme&#8230; vous?<\/p>\n<p><a href=\"https:\/\/www.demefco.be\/fr\/contact\/\"><button style=\"background-color: #2a70ab; border: 0px solid #2a70ab; color: white; display: inline-block; vertical-align: baseline; min-width: 220px; height: 50px; padding: 0px 30px; font-size: 14px; font-weight: 800; text-transform: uppercase; line-height: 42px; position: relative;\">Contactez-nous<\/button><\/a><\/p>\n<h2>DES PROJETS AVEC UNE VISION<\/h2>\n<p>En tant que <strong>promoteur immobilier<\/strong>, nous avons d\u00e9j\u00e0 pu <strong>mener \u00e0 bien une s\u00e9rie de projets<\/strong> gr\u00e2ce \u00e0 un m\u00e9lange d&rsquo;ingr\u00e9dients: une grande exp\u00e9rience, une bonne dose de courage et une vision claire.<\/p>\n<p>Notre \u00e9quipe de sp\u00e9cialistes dispose d&rsquo;une connaissance <strong>approfondie du march\u00e9<\/strong>, mais cela ne suffit plus pour mener \u00e0 bien un projet immobilier.<\/p>\n<p><strong>Pour r\u00e9ussir un investissement immobilier<\/strong>, il faut avoir <strong>une vue d&rsquo;ensemble du march\u00e9 immobilier<\/strong>. Quelles sont les tendances et qui sont les personnes qui deviendront bient\u00f4t nos nouveaux acheteurs ou locataires? Gr\u00e2ce \u00e0 une \u00e9quipe de coll\u00e8gues passionn\u00e9s, nous parvenons \u00e0 faire la diff\u00e9rence. Leur passion pour l&rsquo;immobilier et l&rsquo;architecture donne naissance \u00e0 des projets inspirants qui revalorisent un quartier. Cela distingue Demefco des autres promoteurs et nous profitons de cette avance sous la forme de <strong>belles valeurs ajout\u00e9es<\/strong>.<\/p>\n<p>Il s&rsquo;agit d&rsquo;<strong>un investissement intelligent<\/strong> dans des projets porteurs d&rsquo;une vision.<\/p>\n<h2>DES INVESTISSEMENTS STABLES POUR UNE CAPACIT\u00c9 CROISSANTE<\/h2>\n<p><a href=\"https:\/\/www.demefco.be\/fr\/services\/investir-dans-immobilier\/\">Investir dans l&rsquo;immobilier<\/a> garantit <strong>un placement s\u00fbr avec un rendement maximal<\/strong>. Du moins, si vous investissez dans les bons projets. C&rsquo;est pourquoi Demefco est votre partenaire id\u00e9al : en tant que sp\u00e9cialiste de l&rsquo;immobilier, nous disposons de l&rsquo;exp\u00e9rience et du savoir-faire n\u00e9cessaires pour s\u00e9lectionner les projets immobiliers les plus int\u00e9ressants. Nous connaissons les ficelles du m\u00e9tier et savons comment \u00e9viter les pi\u00e8ges. Vous avez ainsi la possibilit\u00e9 de participer au d\u00e9fi passionnant que repr\u00e9sente chaque projet et de constituer la base d&rsquo;<strong>une croissance stable de votre patrimoine<\/strong>.<\/p>\n<p><a href=\"https:\/\/www.demefco.be\/fr\/contact\/\"><button style=\"background-color: #2a70ab; border: 0px solid #2a70ab; color: white; display: inline-block; vertical-align: baseline; min-width: 220px; height: 50px; padding: 0px 30px; font-size: 14px; font-weight: 800; text-transform: uppercase; line-height: 42px; position: relative;\">Contactez-nous<\/button><\/a><\/p>\n<p>\u00cates-vous un investisseur et cherchez-vous un investissement solide avec un partenaire exp\u00e9riment\u00e9 ? Veuillez\u00a0<a href=\"\/fr\/contact\">contacter Demefco<\/a>. Nous avons des projets int\u00e9ressants en permanence.<br \/>\n<div class=\"wpforms-container contact-page-form\" id=\"wpforms-10\"><form id=\"wpforms-form-10\" class=\"wpforms-validate wpforms-form\" data-formid=\"10\" method=\"post\" enctype=\"multipart\/form-data\" action=\"\/fr\/wp-json\/wp\/v2\/pages\/632\" data-token=\"55b222014cd8631c819998e1b5202bb9\" data-token-time=\"1777565769\"><noscript class=\"wpforms-error-noscript\">Veuillez activer JavaScript dans votre navigateur pour remplir ce formulaire.<\/noscript><div class=\"wpforms-field-container\"><div id=\"wpforms-10-field_6-container\" class=\"wpforms-field wpforms-field-name wpforms-one-half wpforms-first\" data-field-id=\"6\"><label class=\"wpforms-field-label wpforms-label-hide\" for=\"wpforms-10-field_6\">Pr\u00e9nom <span class=\"wpforms-required-label\">*<\/span><\/label><input type=\"text\" id=\"wpforms-10-field_6\" class=\"wpforms-field-large wpforms-field-required\" name=\"wpforms[fields][6]\" placeholder=\"Pr\u00e9nom\" required><\/div><div id=\"wpforms-10-field_7-container\" class=\"wpforms-field wpforms-field-name wpforms-one-half\" data-field-id=\"7\"><label class=\"wpforms-field-label wpforms-label-hide\" for=\"wpforms-10-field_7\">Nom de famille <span class=\"wpforms-required-label\">*<\/span><\/label><input type=\"text\" id=\"wpforms-10-field_7\" class=\"wpforms-field-large wpforms-field-required\" name=\"wpforms[fields][7]\" placeholder=\"Nom de famille\" required><\/div><div id=\"wpforms-10-field_1-container\" class=\"wpforms-field wpforms-field-email wpforms-one-half wpforms-first\" data-field-id=\"1\"><label class=\"wpforms-field-label wpforms-label-hide\" for=\"wpforms-10-field_1\">E-mail <span class=\"wpforms-required-label\">*<\/span><\/label><input type=\"email\" id=\"wpforms-10-field_1\" class=\"wpforms-field-large wpforms-field-required\" name=\"wpforms[fields][1]\" placeholder=\"E-mail\" spellcheck=\"false\" required><\/div><div id=\"wpforms-10-field_9-container\" class=\"wpforms-field wpforms-field-text wpforms-one-half\" data-field-id=\"9\"><label class=\"wpforms-field-label wpforms-label-hide\" for=\"wpforms-10-field_9\">T\u00e9l\u00e9phone<\/label><input type=\"text\" id=\"wpforms-10-field_9\" class=\"wpforms-field-large\" name=\"wpforms[fields][9]\" placeholder=\"T\u00e9l\u00e9phone\" ><\/div><div id=\"wpforms-10-field_2-container\" class=\"wpforms-field wpforms-field-textarea\" data-field-id=\"2\"><label class=\"wpforms-field-label wpforms-label-hide\" for=\"wpforms-10-field_2\">Commentaire ou message <span class=\"wpforms-required-label\">*<\/span><\/label><textarea id=\"wpforms-10-field_2\" class=\"wpforms-field-medium wpforms-field-required\" name=\"wpforms[fields][2]\" placeholder=\"Votre message\" required><\/textarea><\/div><div id=\"wpforms-10-field_4-container\" class=\"wpforms-field wpforms-field-html\" data-field-id=\"4\"><div id=\"wpforms-10-field_4\">Nous respectons votre <a href=\"https:\/\/www.demefco.be\/fr\/politique-de-confidentialite\/\" target=\"_blank\">confidentialit\u00e9<\/a>.<\/div><\/div><\/div><!-- .wpforms-field-container --><div class=\"wpforms-field wpforms-field-hp\"><label for=\"wpforms-10-field-hp\" class=\"wpforms-field-label\">Email<\/label><input type=\"text\" name=\"wpforms[hp]\" id=\"wpforms-10-field-hp\" class=\"wpforms-field-medium\"><\/div><div class=\"wpforms-submit-container\" ><input type=\"hidden\" name=\"wpforms[id]\" value=\"10\"><input type=\"hidden\" name=\"page_title\" value=\"\"><input type=\"hidden\" name=\"page_url\" value=\"https:\/\/www.demefco.be\/fr\/wp-json\/wp\/v2\/pages\/632\"><input type=\"hidden\" name=\"url_referer\" value=\"\"><button type=\"submit\" name=\"wpforms[submit]\" id=\"wpforms-submit-10\" class=\"wpforms-submit\" data-alt-text=\"Soumettre...\" data-submit-text=\"Soumettre\" aria-live=\"assertive\" value=\"wpforms-submit\">Soumettre<\/button><\/div><\/form><\/div>  <!-- .wpforms-container --><\/p>\n","protected":false},"excerpt":{"rendered":"<p>AIMEZ-VOUS INVESTIR DANS UN PROJET IMMOBILIER? \u00cates-vous un investisseur \u00e0 la recherche d&rsquo;opportunit\u00e9s int\u00e9ressantes pour placer votre argent? Nous d\u00e9veloppons constamment notre portefeuille&#8230;<\/p>\n","protected":false},"author":1,"featured_media":0,"parent":630,"menu_order":0,"comment_status":"closed","ping_status":"closed","template":"","meta":{"_acf_changed":false,"inline_featured_image":false,"footnotes":""},"class_list":["post-632","page","type-page","status-publish","hentry"],"acf":[],"yoast_head":"<!-- This site is optimized with the Yoast SEO plugin v27.0 - https:\/\/yoast.com\/product\/yoast-seo-wordpress\/ -->\n<title>JE SUIS UN INVESTISSEUR - Demefco Projectontwikkeling<\/title>\n<meta name=\"description\" content=\"Vous \u00eates un investisseur et vous aimez bien investir dans un projet immobilier? Contactez Demefco pour des projets immobiliers int\u00e9ressants.\" \/>\n<meta name=\"robots\" content=\"index, follow, max-snippet:-1, max-image-preview:large, max-video-preview:-1\" \/>\n<link rel=\"canonical\" href=\"https:\/\/www.demefco.be\/fr\/sur-demefco\/je-suis-un-investisseur\/\" \/>\n<meta property=\"og:locale\" content=\"fr_FR\" \/>\n<meta property=\"og:type\" content=\"article\" \/>\n<meta property=\"og:title\" content=\"JE SUIS UN INVESTISSEUR - Demefco Projectontwikkeling\" \/>\n<meta property=\"og:description\" content=\"Vous \u00eates un investisseur et vous aimez bien investir dans un projet immobilier? Contactez Demefco pour des projets immobiliers int\u00e9ressants.\" \/>\n<meta property=\"og:url\" content=\"https:\/\/www.demefco.be\/fr\/sur-demefco\/je-suis-un-investisseur\/\" \/>\n<meta property=\"og:site_name\" content=\"Demefco Projectontwikkeling\" \/>\n<meta property=\"article:publisher\" content=\"https:\/\/www.facebook.com\/demefco\/\" \/>\n<meta property=\"article:modified_time\" content=\"2023-11-20T13:18:12+00:00\" \/>\n<meta property=\"og:image\" content=\"https:\/\/www.demefco.be\/wp-content\/uploads\/2021\/06\/1.jpg\" \/>\n\t<meta property=\"og:image:width\" content=\"1920\" \/>\n\t<meta property=\"og:image:height\" content=\"870\" \/>\n\t<meta property=\"og:image:type\" content=\"image\/jpeg\" \/>\n<meta name=\"twitter:card\" content=\"summary_large_image\" \/>\n<meta name=\"twitter:site\" content=\"@demefco\" \/>\n<meta name=\"twitter:label1\" content=\"Dur\u00e9e de lecture est.\" \/>\n\t<meta name=\"twitter:data1\" content=\"3 minutes\" \/>\n<script type=\"application\/ld+json\" class=\"yoast-schema-graph\">{\"@context\":\"https:\/\/schema.org\",\"@graph\":[{\"@type\":\"WebPage\",\"@id\":\"https:\/\/www.demefco.be\/fr\/sur-demefco\/je-suis-un-investisseur\/\",\"url\":\"https:\/\/www.demefco.be\/fr\/sur-demefco\/je-suis-un-investisseur\/\",\"name\":\"JE SUIS UN INVESTISSEUR - Demefco Projectontwikkeling\",\"isPartOf\":{\"@id\":\"https:\/\/www.demefco.be\/fr\/#website\"},\"datePublished\":\"2021-06-22T10:16:35+00:00\",\"dateModified\":\"2023-11-20T13:18:12+00:00\",\"description\":\"Vous \u00eates un investisseur et vous aimez bien investir dans un projet immobilier? Contactez Demefco pour des projets immobiliers int\u00e9ressants.\",\"breadcrumb\":{\"@id\":\"https:\/\/www.demefco.be\/fr\/sur-demefco\/je-suis-un-investisseur\/#breadcrumb\"},\"inLanguage\":\"fr-BE\",\"potentialAction\":[{\"@type\":\"ReadAction\",\"target\":[\"https:\/\/www.demefco.be\/fr\/sur-demefco\/je-suis-un-investisseur\/\"]}]},{\"@type\":\"BreadcrumbList\",\"@id\":\"https:\/\/www.demefco.be\/fr\/sur-demefco\/je-suis-un-investisseur\/#breadcrumb\",\"itemListElement\":[{\"@type\":\"ListItem\",\"position\":1,\"name\":\"Start\",\"item\":\"https:\/\/www.demefco.be\/fr\/\"},{\"@type\":\"ListItem\",\"position\":2,\"name\":\"Sur Demefco\",\"item\":\"https:\/\/www.demefco.be\/fr\/sur-demefco\/\"},{\"@type\":\"ListItem\",\"position\":3,\"name\":\"JE SUIS UN INVESTISSEUR\"}]},{\"@type\":\"WebSite\",\"@id\":\"https:\/\/www.demefco.be\/fr\/#website\",\"url\":\"https:\/\/www.demefco.be\/fr\/\",\"name\":\"Demefco Projectontwikkeling\",\"description\":\"Demefco Projectontwikkeling\",\"publisher\":{\"@id\":\"https:\/\/www.demefco.be\/fr\/#organization\"},\"potentialAction\":[{\"@type\":\"SearchAction\",\"target\":{\"@type\":\"EntryPoint\",\"urlTemplate\":\"https:\/\/www.demefco.be\/fr\/?s={search_term_string}\"},\"query-input\":{\"@type\":\"PropertyValueSpecification\",\"valueRequired\":true,\"valueName\":\"search_term_string\"}}],\"inLanguage\":\"fr-BE\"},{\"@type\":\"Organization\",\"@id\":\"https:\/\/www.demefco.be\/fr\/#organization\",\"name\":\"Demefco\",\"url\":\"https:\/\/www.demefco.be\/fr\/\",\"logo\":{\"@type\":\"ImageObject\",\"inLanguage\":\"fr-BE\",\"@id\":\"https:\/\/www.demefco.be\/fr\/#\/schema\/logo\/image\/\",\"url\":\"https:\/\/www.demefco.be\/wp-content\/uploads\/2021\/06\/logo.png\",\"contentUrl\":\"https:\/\/www.demefco.be\/wp-content\/uploads\/2021\/06\/logo.png\",\"width\":170,\"height\":170,\"caption\":\"Demefco\"},\"image\":{\"@id\":\"https:\/\/www.demefco.be\/fr\/#\/schema\/logo\/image\/\"},\"sameAs\":[\"https:\/\/www.facebook.com\/demefco\/\",\"https:\/\/x.com\/demefco\",\"https:\/\/www.linkedin.com\/company\/demefco\"]}]}<\/script>\n<!-- \/ Yoast SEO plugin. -->","yoast_head_json":{"title":"JE SUIS UN INVESTISSEUR - Demefco Projectontwikkeling","description":"Vous \u00eates un investisseur et vous aimez bien investir dans un projet immobilier? Contactez Demefco pour des projets immobiliers int\u00e9ressants.","robots":{"index":"index","follow":"follow","max-snippet":"max-snippet:-1","max-image-preview":"max-image-preview:large","max-video-preview":"max-video-preview:-1"},"canonical":"https:\/\/www.demefco.be\/fr\/sur-demefco\/je-suis-un-investisseur\/","og_locale":"fr_FR","og_type":"article","og_title":"JE SUIS UN INVESTISSEUR - Demefco Projectontwikkeling","og_description":"Vous \u00eates un investisseur et vous aimez bien investir dans un projet immobilier? Contactez Demefco pour des projets immobiliers int\u00e9ressants.","og_url":"https:\/\/www.demefco.be\/fr\/sur-demefco\/je-suis-un-investisseur\/","og_site_name":"Demefco Projectontwikkeling","article_publisher":"https:\/\/www.facebook.com\/demefco\/","article_modified_time":"2023-11-20T13:18:12+00:00","og_image":[{"width":1920,"height":870,"url":"https:\/\/www.demefco.be\/wp-content\/uploads\/2021\/06\/1.jpg","type":"image\/jpeg"}],"twitter_card":"summary_large_image","twitter_site":"@demefco","twitter_misc":{"Dur\u00e9e de lecture est.":"3 minutes"},"schema":{"@context":"https:\/\/schema.org","@graph":[{"@type":"WebPage","@id":"https:\/\/www.demefco.be\/fr\/sur-demefco\/je-suis-un-investisseur\/","url":"https:\/\/www.demefco.be\/fr\/sur-demefco\/je-suis-un-investisseur\/","name":"JE SUIS UN INVESTISSEUR - Demefco Projectontwikkeling","isPartOf":{"@id":"https:\/\/www.demefco.be\/fr\/#website"},"datePublished":"2021-06-22T10:16:35+00:00","dateModified":"2023-11-20T13:18:12+00:00","description":"Vous \u00eates un investisseur et vous aimez bien investir dans un projet immobilier? Contactez Demefco pour des projets immobiliers int\u00e9ressants.","breadcrumb":{"@id":"https:\/\/www.demefco.be\/fr\/sur-demefco\/je-suis-un-investisseur\/#breadcrumb"},"inLanguage":"fr-BE","potentialAction":[{"@type":"ReadAction","target":["https:\/\/www.demefco.be\/fr\/sur-demefco\/je-suis-un-investisseur\/"]}]},{"@type":"BreadcrumbList","@id":"https:\/\/www.demefco.be\/fr\/sur-demefco\/je-suis-un-investisseur\/#breadcrumb","itemListElement":[{"@type":"ListItem","position":1,"name":"Start","item":"https:\/\/www.demefco.be\/fr\/"},{"@type":"ListItem","position":2,"name":"Sur Demefco","item":"https:\/\/www.demefco.be\/fr\/sur-demefco\/"},{"@type":"ListItem","position":3,"name":"JE SUIS UN INVESTISSEUR"}]},{"@type":"WebSite","@id":"https:\/\/www.demefco.be\/fr\/#website","url":"https:\/\/www.demefco.be\/fr\/","name":"Demefco Projectontwikkeling","description":"Demefco Projectontwikkeling","publisher":{"@id":"https:\/\/www.demefco.be\/fr\/#organization"},"potentialAction":[{"@type":"SearchAction","target":{"@type":"EntryPoint","urlTemplate":"https:\/\/www.demefco.be\/fr\/?s={search_term_string}"},"query-input":{"@type":"PropertyValueSpecification","valueRequired":true,"valueName":"search_term_string"}}],"inLanguage":"fr-BE"},{"@type":"Organization","@id":"https:\/\/www.demefco.be\/fr\/#organization","name":"Demefco","url":"https:\/\/www.demefco.be\/fr\/","logo":{"@type":"ImageObject","inLanguage":"fr-BE","@id":"https:\/\/www.demefco.be\/fr\/#\/schema\/logo\/image\/","url":"https:\/\/www.demefco.be\/wp-content\/uploads\/2021\/06\/logo.png","contentUrl":"https:\/\/www.demefco.be\/wp-content\/uploads\/2021\/06\/logo.png","width":170,"height":170,"caption":"Demefco"},"image":{"@id":"https:\/\/www.demefco.be\/fr\/#\/schema\/logo\/image\/"},"sameAs":["https:\/\/www.facebook.com\/demefco\/","https:\/\/x.com\/demefco","https:\/\/www.linkedin.com\/company\/demefco"]}]}},"_links":{"self":[{"href":"https:\/\/www.demefco.be\/fr\/wp-json\/wp\/v2\/pages\/632","targetHints":{"allow":["GET"]}}],"collection":[{"href":"https:\/\/www.demefco.be\/fr\/wp-json\/wp\/v2\/pages"}],"about":[{"href":"https:\/\/www.demefco.be\/fr\/wp-json\/wp\/v2\/types\/page"}],"author":[{"embeddable":true,"href":"https:\/\/www.demefco.be\/fr\/wp-json\/wp\/v2\/users\/1"}],"replies":[{"embeddable":true,"href":"https:\/\/www.demefco.be\/fr\/wp-json\/wp\/v2\/comments?post=632"}],"version-history":[{"count":4,"href":"https:\/\/www.demefco.be\/fr\/wp-json\/wp\/v2\/pages\/632\/revisions"}],"predecessor-version":[{"id":1328,"href":"https:\/\/www.demefco.be\/fr\/wp-json\/wp\/v2\/pages\/632\/revisions\/1328"}],"up":[{"embeddable":true,"href":"https:\/\/www.demefco.be\/fr\/wp-json\/wp\/v2\/pages\/630"}],"wp:attachment":[{"href":"https:\/\/www.demefco.be\/fr\/wp-json\/wp\/v2\/media?parent=632"}],"curies":[{"name":"wp","href":"https:\/\/api.w.org\/{rel}","templated":true}]}}