{"id":638,"date":"2018-08-28T10:22:20","date_gmt":"2018-08-28T10:22:20","guid":{"rendered":"https:\/\/www.demefco.be\/privacy-policy\/"},"modified":"2023-11-21T10:05:58","modified_gmt":"2023-11-21T08:05:58","slug":"politique-de-confidentialite","status":"publish","type":"page","link":"https:\/\/www.demefco.be\/fr\/politique-de-confidentialite\/","title":{"rendered":"Politique de Confidentialit\u00e9"},"content":{"rendered":"<p>Derni\u00e8re modification le 01\/07\/2021.<\/p>\n<h2>1.\u00a0\u00a0\u00a0\u00a0 Bienvenue<\/h2>\n<p>Nous sommes Demefco, une soci\u00e9t\u00e9 priv\u00e9e, \u00e9tablie \u00e0 Lennikseweg 101, 1602 Vlezenbeek, avec le num\u00e9ro d&rsquo;entreprise BE0818.464.026.<\/p>\n<p>Dans cette politique de confidentialit\u00e9, nous expliquons quelles informations personnelles nous collectons en tant que \u00ab\u00a0contr\u00f4leur\u00a0\u00bb et comment nous les utilisons et les partageons pour am\u00e9liorer nos services.<\/p>\n<p>Cette politique de confidentialit\u00e9 fait partie int\u00e9grante de nos conditions g\u00e9n\u00e9rales.<\/p>\n<h2>2.\u00a0\u00a0\u00a0\u00a0 Donn\u00e9es personnelles<\/h2>\n<p>Les donn\u00e9es personnelles limit\u00e9es que nous d\u00e9tenons sont collect\u00e9es des mani\u00e8res suivantes :<\/p>\n<p>Site Web : lorsque vous visitez notre site Web, certaines donn\u00e9es sont enregistr\u00e9es via des cookies (y compris votre adresse IP) pour fournir et am\u00e9liorer notre site Web. Vous trouverez plus d&rsquo;informations sur ces cookies dans notre politique relative aux cookies distincte ;<br \/>\nRelation commerciale : lorsque vous nous contactez dans le cadre de nos services en tant que client (potentiel) ou partenaire, nous traitons votre nom complet, vos coordonn\u00e9es (adresse e-mail, num\u00e9ro de t\u00e9l\u00e9phone, adresse professionnelle et\/ou r\u00e9sidentielle), et d&rsquo;autres donn\u00e9es n\u00e9cessaires \u00e0 la commande, la facturation ou la collaboration (telles que vos coordonn\u00e9es bancaires, l&rsquo;historique de vos contacts, ou les donn\u00e9es relatives \u00e0 vos commandes pr\u00e9c\u00e9dentes) ;<br \/>\nMarketing : si vous nous en donnez express\u00e9ment l&rsquo;autorisation, nous traiterons votre nom complet et votre adresse e-mail pour l&rsquo;envoi de marketing direct, de newsletters, de promotions et de promotions sur nos produits et services. Vous pouvez toujours vous d\u00e9sinscrire facilement pour cela.<br \/>\n[donn\u00e9es personnelles suppl\u00e9mentaires le cas \u00e9ch\u00e9ant]<\/p>\n<p>Bien que vous ne soyez jamais oblig\u00e9 de divulguer des donn\u00e9es personnelles, un refus de fournir les informations n\u00e9cessaires peut entraver ou rendre impossible la fourniture de nos services.<\/p>\n<h2>3.\u00a0\u00a0\u00a0\u00a0 Finalit\u00e9s du traitement<\/h2>\n<p>Nous traitons les donn\u00e9es personnelles dans le cadre de notre gestion g\u00e9n\u00e9rale des clients et des commandes, ou pour pouvoir fournir nos services. Cela comprend l&rsquo;administration des clients, le suivi des commandes et des livraisons, la facturation, la r\u00e9ponse aux questions et \u00e0 des fins de marketing.<\/p>\n<p>Le traitement est bas\u00e9 sur les cat\u00e9gories de bases juridiques suivantes :<\/p>\n<p>Sur la base de votre consentement\u00a0;<br \/>\nPar n\u00e9cessit\u00e9 pour l&rsquo;ex\u00e9cution d&rsquo;un accord\u00a0;<br \/>\nPar n\u00e9cessit\u00e9 pour se conformer \u00e0 une obligation l\u00e9gale ;<br \/>\nPour prot\u00e9ger vos int\u00e9r\u00eats vitaux ou ceux d&rsquo;une autre personne\u00a0;<br \/>\nPour l&rsquo;accomplissement d&rsquo;une mission d&rsquo;int\u00e9r\u00eat public ;<br \/>\nPar n\u00e9cessit\u00e9 pour la repr\u00e9sentation de nos int\u00e9r\u00eats l\u00e9gitimes dans la conduite des affaires.<\/p>\n<p>Dans la mesure o\u00f9 le traitement des donn\u00e9es personnelles a lieu sur la base de votre consentement explicite, vous avez toujours le droit de retirer le consentement donn\u00e9.<\/p>\n<h2>4.\u00a0\u00a0\u00a0\u00a0 Partager avec des tiers<\/h2>\n<p>Si cela est n\u00e9cessaire \u00e0 la r\u00e9alisation des finalit\u00e9s vis\u00e9es, nous pouvons partager des donn\u00e9es personnelles avec des employ\u00e9s et nos partenaires professionnels. Nos partenaires prendront \u00e0 leur tour les mesures techniques et organisationnelles n\u00e9cessaires pour prot\u00e9ger ces donn\u00e9es personnelles.<\/p>\n<p>Nous ne commercialiserons jamais vos donn\u00e9es personnelles \u00e0 des tiers. Cependant, dans le cadre d&rsquo;une \u00e9ventuelle r\u00e9organisation, faillite ou transfert d&rsquo;activit\u00e9s, les donn\u00e9es faisant partie de nos activit\u00e9s commerciales peuvent \u00eatre transf\u00e9r\u00e9es \u00e0 des tiers.<\/p>\n<p>Dans des cas limit\u00e9s, nous pouvons \u00e9galement \u00eatre tenus de partager des donn\u00e9es personnelles sur la base d&rsquo;une ordonnance du tribunal ou d&rsquo;une loi imp\u00e9rative, comme dans le cadre de probl\u00e8mes de lutte contre la fraude ou de s\u00e9curit\u00e9, ou pour prot\u00e9ger nos droits.<\/p>\n<h2>5.\u00a0\u00a0\u00a0\u00a0 P\u00e9riode de conservation<\/h2>\n<p>Les donn\u00e9es personnelles sont trait\u00e9es et conserv\u00e9es par nos soins pendant une dur\u00e9e raisonnable qui est n\u00e9cessaire \u00e0 la r\u00e9alisation des finalit\u00e9s vis\u00e9es, en fonction de notre relation contractuelle, pour se conformer aux exigences l\u00e9gales, ou dans le cadre des m\u00e9canismes de conservation usuels qui sont raisonnablement limit\u00e9s dans le temps . (sauvegardes).<\/p>\n<h2>6.\u00a0\u00a0\u00a0\u00a0 Vos droits<\/h2>\n<p>Toutes les personnes dont nous stockons les donn\u00e9es personnelles ont toujours le droit de :<\/p>\n<p>obtenir l&rsquo;acc\u00e8s \u00e0 leurs donn\u00e9es personnelles ;<br \/>\nfaire rectifier ou compl\u00e9ter ses donn\u00e9es personnelles si elles sont incorrectes ou incompl\u00e8tes ;<br \/>\nfaire supprimer leurs donn\u00e9es personnelles ;<br \/>\nfaire restreindre le traitement de leurs donn\u00e9es personnelles\u00a0;<br \/>\ns&rsquo;opposer au traitement de ses donn\u00e9es personnelles pour un motif s\u00e9rieux et l\u00e9gitime ;<br \/>\nfaire transf\u00e9rer leurs donn\u00e9es personnelles \u00e0 une autre entreprise.<\/p>\n<p>Pour exercer les droits ci-dessus, vous pouvez nous contacter par courrier ou via <a href=\"mailto:info@demefco.be\">info@demefco.be<\/a> . D\u00e8s r\u00e9ception de votre demande, nous devrons \u00eatre en mesure de v\u00e9rifier votre identit\u00e9.<\/p>\n<h2>7.\u00a0\u00a0\u00a0\u00a0 R\u00e9clamations<\/h2>\n<p>Si vous avez des commentaires ou des questions sur notre politique de confidentialit\u00e9, nous aimerions avoir de vos nouvelles.<\/p>\n<p>Toutes les personnes dont nous stockons les donn\u00e9es personnelles ont \u00e9galement le droit de d\u00e9poser une plainte aupr\u00e8s de la Commission de la protection de la vie priv\u00e9e (Drukpersstraat 35, 1000 Bruxelles, commission@privacycommission.be).<\/p>\n<h2>8.\u00a0\u00a0\u00a0\u00a0S\u00e9curit\u00e9<\/h2>\n<p>Nous appliquons au moins les mesures de s\u00e9curit\u00e9 techniques et organisationnelles habituelles que l&rsquo;on peut raisonnablement attendre de nous pour prot\u00e9ger vos donn\u00e9es personnelles contre la destruction, la perte, l&rsquo;alt\u00e9ration, la falsification, la diffusion ou l&rsquo;acc\u00e8s non autoris\u00e9.<\/p>\n<p>Les donn\u00e9es personnelles ne seront transmises \u00e0 un partenaire dans un pays en dehors de l&rsquo;Espace \u00e9conomique europ\u00e9en que si ce pays garantit un niveau de protection ad\u00e9quat pour vos donn\u00e9es personnelles. Avant de partager des donn\u00e9es personnelles avec un partenaire aux \u00c9tats-Unis d&rsquo;Am\u00e9rique, nous avons besoin d&rsquo;un accord de traitement distinct ou d&rsquo;une certification en vertu du Privacy Shield Framework (www.privacyshield.gov).<\/p>\n<p>Nous ne pouvons \u00eatre tenus responsables d&rsquo;une utilisation incorrecte ou ill\u00e9gale des donn\u00e9es personnelles par un tiers. Vous demeurez \u00e9galement responsable de la confidentialit\u00e9 et de l&rsquo;utilisation de votre ordinateur, de votre adresse IP, de vos donn\u00e9es de connexion et d&rsquo;identification.<\/p>\n<h2>9.\u00a0\u00a0\u00a0\u00a0 Votre vie priv\u00e9e<\/h2>\n<p>Votre vie priv\u00e9e est importante pour nous.<\/p>\n<p>Nous mettons donc tout en \u0153uvre pour les prot\u00e9ger au mieux et attachons une grande importance au respect (i) de la loi du 8 d\u00e9cembre 1992 relative \u00e0 la protection de la vie priv\u00e9e \u00e0 l&rsquo;\u00e9gard des traitements de donn\u00e9es \u00e0 caract\u00e8re personnel (telle que modifi\u00e9e par la loi du 11 d\u00e9cembre 1992 1998, \u00ab\u00a0Loi sur le traitement des donn\u00e9es \u00e0 caract\u00e8re personnel\u00a0\u00bb); (ii) les dispositions anti-spam du Livre XII du Code de droit \u00e9conomique relatives au droit de l&rsquo;\u00e9conomie \u00e9lectronique ; et (iii) R\u00e8glement europ\u00e9en 2016\/679 du 27 avril 2016 relatif \u00e0 la protection des donn\u00e9es personnelles (\u00ab R\u00e8glement g\u00e9n\u00e9ral sur la protection des donn\u00e9es \u00bb).<\/p>\n","protected":false},"excerpt":{"rendered":"<p>Derni\u00e8re modification le 01\/07\/2021. 1.\u00a0\u00a0\u00a0\u00a0 Bienvenue Nous sommes Demefco, une soci\u00e9t\u00e9 priv\u00e9e, \u00e9tablie \u00e0 Lennikseweg 101, 1602 Vlezenbeek, avec le num\u00e9ro d&rsquo;entreprise BE0818.464.026&#8230;.<\/p>\n","protected":false},"author":1,"featured_media":0,"parent":0,"menu_order":0,"comment_status":"closed","ping_status":"closed","template":"","meta":{"_acf_changed":false,"inline_featured_image":false,"footnotes":""},"class_list":["post-638","page","type-page","status-publish","hentry"],"acf":[],"yoast_head":"<!-- This site is optimized with the Yoast SEO plugin v27.0 - https:\/\/yoast.com\/product\/yoast-seo-wordpress\/ -->\n<title>Politique de Confidentialit\u00e9 - Demefco Projectontwikkeling<\/title>\n<meta name=\"description\" content=\"D\u00e9couvrez la politique de confidentialit\u00e9 de Demefco et comment nous prot\u00e9geons vos donn\u00e9es personnelles. Votre vie priv\u00e9e, notre priorit\u00e9.\" \/>\n<meta name=\"robots\" content=\"index, follow, max-snippet:-1, max-image-preview:large, max-video-preview:-1\" \/>\n<link rel=\"canonical\" href=\"https:\/\/www.demefco.be\/fr\/politique-de-confidentialite\/\" \/>\n<meta property=\"og:locale\" content=\"fr_FR\" \/>\n<meta property=\"og:type\" content=\"article\" \/>\n<meta property=\"og:title\" content=\"Politique de Confidentialit\u00e9 - Demefco Projectontwikkeling\" \/>\n<meta property=\"og:description\" content=\"D\u00e9couvrez la politique de confidentialit\u00e9 de Demefco et comment nous prot\u00e9geons vos donn\u00e9es personnelles. Votre vie priv\u00e9e, notre priorit\u00e9.\" \/>\n<meta property=\"og:url\" content=\"https:\/\/www.demefco.be\/fr\/politique-de-confidentialite\/\" \/>\n<meta property=\"og:site_name\" content=\"Demefco Projectontwikkeling\" \/>\n<meta property=\"article:publisher\" content=\"https:\/\/www.facebook.com\/demefco\/\" \/>\n<meta property=\"article:modified_time\" content=\"2023-11-21T08:05:58+00:00\" \/>\n<meta property=\"og:image\" content=\"https:\/\/www.demefco.be\/wp-content\/uploads\/2021\/06\/1.jpg\" \/>\n\t<meta property=\"og:image:width\" content=\"1920\" \/>\n\t<meta property=\"og:image:height\" content=\"870\" \/>\n\t<meta property=\"og:image:type\" content=\"image\/jpeg\" \/>\n<meta name=\"twitter:card\" content=\"summary_large_image\" \/>\n<meta name=\"twitter:site\" content=\"@demefco\" \/>\n<meta name=\"twitter:label1\" content=\"Dur\u00e9e de lecture est.\" \/>\n\t<meta name=\"twitter:data1\" content=\"5 minutes\" \/>\n<script type=\"application\/ld+json\" class=\"yoast-schema-graph\">{\"@context\":\"https:\/\/schema.org\",\"@graph\":[{\"@type\":\"WebPage\",\"@id\":\"https:\/\/www.demefco.be\/fr\/politique-de-confidentialite\/\",\"url\":\"https:\/\/www.demefco.be\/fr\/politique-de-confidentialite\/\",\"name\":\"Politique de Confidentialit\u00e9 - Demefco Projectontwikkeling\",\"isPartOf\":{\"@id\":\"https:\/\/www.demefco.be\/fr\/#website\"},\"datePublished\":\"2018-08-28T10:22:20+00:00\",\"dateModified\":\"2023-11-21T08:05:58+00:00\",\"description\":\"D\u00e9couvrez la politique de confidentialit\u00e9 de Demefco et comment nous prot\u00e9geons vos donn\u00e9es personnelles. Votre vie priv\u00e9e, notre priorit\u00e9.\",\"breadcrumb\":{\"@id\":\"https:\/\/www.demefco.be\/fr\/politique-de-confidentialite\/#breadcrumb\"},\"inLanguage\":\"fr-BE\",\"potentialAction\":[{\"@type\":\"ReadAction\",\"target\":[\"https:\/\/www.demefco.be\/fr\/politique-de-confidentialite\/\"]}]},{\"@type\":\"BreadcrumbList\",\"@id\":\"https:\/\/www.demefco.be\/fr\/politique-de-confidentialite\/#breadcrumb\",\"itemListElement\":[{\"@type\":\"ListItem\",\"position\":1,\"name\":\"Start\",\"item\":\"https:\/\/www.demefco.be\/fr\/\"},{\"@type\":\"ListItem\",\"position\":2,\"name\":\"Politique de Confidentialit\u00e9\"}]},{\"@type\":\"WebSite\",\"@id\":\"https:\/\/www.demefco.be\/fr\/#website\",\"url\":\"https:\/\/www.demefco.be\/fr\/\",\"name\":\"Demefco Projectontwikkeling\",\"description\":\"Demefco Projectontwikkeling\",\"publisher\":{\"@id\":\"https:\/\/www.demefco.be\/fr\/#organization\"},\"potentialAction\":[{\"@type\":\"SearchAction\",\"target\":{\"@type\":\"EntryPoint\",\"urlTemplate\":\"https:\/\/www.demefco.be\/fr\/?s={search_term_string}\"},\"query-input\":{\"@type\":\"PropertyValueSpecification\",\"valueRequired\":true,\"valueName\":\"search_term_string\"}}],\"inLanguage\":\"fr-BE\"},{\"@type\":\"Organization\",\"@id\":\"https:\/\/www.demefco.be\/fr\/#organization\",\"name\":\"Demefco\",\"url\":\"https:\/\/www.demefco.be\/fr\/\",\"logo\":{\"@type\":\"ImageObject\",\"inLanguage\":\"fr-BE\",\"@id\":\"https:\/\/www.demefco.be\/fr\/#\/schema\/logo\/image\/\",\"url\":\"https:\/\/www.demefco.be\/wp-content\/uploads\/2021\/06\/logo.png\",\"contentUrl\":\"https:\/\/www.demefco.be\/wp-content\/uploads\/2021\/06\/logo.png\",\"width\":170,\"height\":170,\"caption\":\"Demefco\"},\"image\":{\"@id\":\"https:\/\/www.demefco.be\/fr\/#\/schema\/logo\/image\/\"},\"sameAs\":[\"https:\/\/www.facebook.com\/demefco\/\",\"https:\/\/x.com\/demefco\",\"https:\/\/www.linkedin.com\/company\/demefco\"]}]}<\/script>\n<!-- \/ Yoast SEO plugin. -->","yoast_head_json":{"title":"Politique de Confidentialit\u00e9 - Demefco Projectontwikkeling","description":"D\u00e9couvrez la politique de confidentialit\u00e9 de Demefco et comment nous prot\u00e9geons vos donn\u00e9es personnelles. Votre vie priv\u00e9e, notre priorit\u00e9.","robots":{"index":"index","follow":"follow","max-snippet":"max-snippet:-1","max-image-preview":"max-image-preview:large","max-video-preview":"max-video-preview:-1"},"canonical":"https:\/\/www.demefco.be\/fr\/politique-de-confidentialite\/","og_locale":"fr_FR","og_type":"article","og_title":"Politique de Confidentialit\u00e9 - Demefco Projectontwikkeling","og_description":"D\u00e9couvrez la politique de confidentialit\u00e9 de Demefco et comment nous prot\u00e9geons vos donn\u00e9es personnelles. Votre vie priv\u00e9e, notre priorit\u00e9.","og_url":"https:\/\/www.demefco.be\/fr\/politique-de-confidentialite\/","og_site_name":"Demefco Projectontwikkeling","article_publisher":"https:\/\/www.facebook.com\/demefco\/","article_modified_time":"2023-11-21T08:05:58+00:00","og_image":[{"width":1920,"height":870,"url":"https:\/\/www.demefco.be\/wp-content\/uploads\/2021\/06\/1.jpg","type":"image\/jpeg"}],"twitter_card":"summary_large_image","twitter_site":"@demefco","twitter_misc":{"Dur\u00e9e de lecture est.":"5 minutes"},"schema":{"@context":"https:\/\/schema.org","@graph":[{"@type":"WebPage","@id":"https:\/\/www.demefco.be\/fr\/politique-de-confidentialite\/","url":"https:\/\/www.demefco.be\/fr\/politique-de-confidentialite\/","name":"Politique de Confidentialit\u00e9 - Demefco Projectontwikkeling","isPartOf":{"@id":"https:\/\/www.demefco.be\/fr\/#website"},"datePublished":"2018-08-28T10:22:20+00:00","dateModified":"2023-11-21T08:05:58+00:00","description":"D\u00e9couvrez la politique de confidentialit\u00e9 de Demefco et comment nous prot\u00e9geons vos donn\u00e9es personnelles. Votre vie priv\u00e9e, notre priorit\u00e9.","breadcrumb":{"@id":"https:\/\/www.demefco.be\/fr\/politique-de-confidentialite\/#breadcrumb"},"inLanguage":"fr-BE","potentialAction":[{"@type":"ReadAction","target":["https:\/\/www.demefco.be\/fr\/politique-de-confidentialite\/"]}]},{"@type":"BreadcrumbList","@id":"https:\/\/www.demefco.be\/fr\/politique-de-confidentialite\/#breadcrumb","itemListElement":[{"@type":"ListItem","position":1,"name":"Start","item":"https:\/\/www.demefco.be\/fr\/"},{"@type":"ListItem","position":2,"name":"Politique de Confidentialit\u00e9"}]},{"@type":"WebSite","@id":"https:\/\/www.demefco.be\/fr\/#website","url":"https:\/\/www.demefco.be\/fr\/","name":"Demefco Projectontwikkeling","description":"Demefco Projectontwikkeling","publisher":{"@id":"https:\/\/www.demefco.be\/fr\/#organization"},"potentialAction":[{"@type":"SearchAction","target":{"@type":"EntryPoint","urlTemplate":"https:\/\/www.demefco.be\/fr\/?s={search_term_string}"},"query-input":{"@type":"PropertyValueSpecification","valueRequired":true,"valueName":"search_term_string"}}],"inLanguage":"fr-BE"},{"@type":"Organization","@id":"https:\/\/www.demefco.be\/fr\/#organization","name":"Demefco","url":"https:\/\/www.demefco.be\/fr\/","logo":{"@type":"ImageObject","inLanguage":"fr-BE","@id":"https:\/\/www.demefco.be\/fr\/#\/schema\/logo\/image\/","url":"https:\/\/www.demefco.be\/wp-content\/uploads\/2021\/06\/logo.png","contentUrl":"https:\/\/www.demefco.be\/wp-content\/uploads\/2021\/06\/logo.png","width":170,"height":170,"caption":"Demefco"},"image":{"@id":"https:\/\/www.demefco.be\/fr\/#\/schema\/logo\/image\/"},"sameAs":["https:\/\/www.facebook.com\/demefco\/","https:\/\/x.com\/demefco","https:\/\/www.linkedin.com\/company\/demefco"]}]}},"_links":{"self":[{"href":"https:\/\/www.demefco.be\/fr\/wp-json\/wp\/v2\/pages\/638","targetHints":{"allow":["GET"]}}],"collection":[{"href":"https:\/\/www.demefco.be\/fr\/wp-json\/wp\/v2\/pages"}],"about":[{"href":"https:\/\/www.demefco.be\/fr\/wp-json\/wp\/v2\/types\/page"}],"author":[{"embeddable":true,"href":"https:\/\/www.demefco.be\/fr\/wp-json\/wp\/v2\/users\/1"}],"replies":[{"embeddable":true,"href":"https:\/\/www.demefco.be\/fr\/wp-json\/wp\/v2\/comments?post=638"}],"version-history":[{"count":1,"href":"https:\/\/www.demefco.be\/fr\/wp-json\/wp\/v2\/pages\/638\/revisions"}],"predecessor-version":[{"id":1348,"href":"https:\/\/www.demefco.be\/fr\/wp-json\/wp\/v2\/pages\/638\/revisions\/1348"}],"wp:attachment":[{"href":"https:\/\/www.demefco.be\/fr\/wp-json\/wp\/v2\/media?parent=638"}],"curies":[{"name":"wp","href":"https:\/\/api.w.org\/{rel}","templated":true}]}}